{"id":3384,"date":"2025-04-14T18:32:26","date_gmt":"2025-04-14T18:32:26","guid":{"rendered":"https:\/\/mira.wid.studio\/blog\/"},"modified":"2026-04-09T14:25:31","modified_gmt":"2026-04-09T14:25:31","slug":"blogue","status":"publish","type":"page","link":"https:\/\/cliniquemira.com\/fr\/blogue\/","title":{"rendered":"Blogue"},"content":{"rendered":"\t\t<div data-elementor-type=\"wp-page\" data-elementor-id=\"3384\" class=\"elementor elementor-3384 elementor-45\" data-elementor-post-type=\"page\">\n\t\t\t\t<div class=\"elementor-element elementor-element-6ceea07 elementor-hidden-tablet elementor-hidden-mobile_extra elementor-hidden-mobile e-flex e-con-boxed e-con e-parent\" data-id=\"6ceea07\" data-element_type=\"container\" data-e-type=\"container\">\n\t\t\t\t\t<div class=\"e-con-inner\">\n\t\t<div class=\"elementor-element elementor-element-c89a92c e-con-full e-flex e-con e-child\" data-id=\"c89a92c\" data-element_type=\"container\" data-e-type=\"container\">\n\t\t\t\t<div class=\"elementor-element elementor-element-a5e1840 elementor-widget elementor-widget-image\" data-id=\"a5e1840\" data-element_type=\"widget\" data-e-type=\"widget\" data-widget_type=\"image.default\">\n\t\t\t\t<div class=\"elementor-widget-container\">\n\t\t\t\t\t\t\t\t\t\t\t\t\t\t\t\t<a href=\"https:\/\/cliniquemira.com\/fr\/\">\n\t\t\t\t\t\t\t<img decoding=\"async\" width=\"356\" height=\"35\" src=\"https:\/\/cliniquemira.com\/wp-content\/uploads\/2025\/05\/logo-clinique-mira.svg\" class=\"attachment-large size-large wp-image-3386\" alt=\"\" \/>\t\t\t\t\t\t\t\t<\/a>\n\t\t\t\t\t\t\t\t\t\t\t\t\t\t\t<\/div>\n\t\t\t\t<\/div>\n\t\t\t\t<\/div>\n\t\t\t\t\t<\/div>\n\t\t\t\t<\/div>\n\t\t<div class=\"elementor-element elementor-element-93d812c e-flex e-con-boxed e-con e-parent\" data-id=\"93d812c\" data-element_type=\"container\" data-e-type=\"container\" data-settings=\"{&quot;background_background&quot;:&quot;classic&quot;}\">\n\t\t\t\t\t<div class=\"e-con-inner\">\n\t\t<div class=\"elementor-element elementor-element-54f9bce e-con-full e-flex e-con e-child\" data-id=\"54f9bce\" data-element_type=\"container\" data-e-type=\"container\">\n\t\t\t\t<div class=\"elementor-element elementor-element-eae7f3e elementor-align-justify elementor-widget__width-initial elementor-widget elementor-widget-button\" data-id=\"eae7f3e\" data-element_type=\"widget\" data-e-type=\"widget\" data-widget_type=\"button.default\">\n\t\t\t\t<div class=\"elementor-widget-container\">\n\t\t\t\t\t\t\t\t\t<div class=\"elementor-button-wrapper\">\n\t\t\t\t\t<a class=\"elementor-button elementor-button-link elementor-size-sm\" href=\"https:\/\/cliniquemira.com\/fr\/category\/chirurgie-plastique\/\">\n\t\t\t\t\t\t<span class=\"elementor-button-content-wrapper\">\n\t\t\t\t\t\t\t\t\t<span class=\"elementor-button-text\">Chirurgie plastique<\/span>\n\t\t\t\t\t<\/span>\n\t\t\t\t\t<\/a>\n\t\t\t\t<\/div>\n\t\t\t\t\t\t\t\t<\/div>\n\t\t\t\t<\/div>\n\t\t\t\t<div class=\"elementor-element elementor-element-510c1db elementor-align-justify elementor-widget__width-initial elementor-widget elementor-widget-button\" data-id=\"510c1db\" data-element_type=\"widget\" data-e-type=\"widget\" data-widget_type=\"button.default\">\n\t\t\t\t<div class=\"elementor-widget-container\">\n\t\t\t\t\t\t\t\t\t<div class=\"elementor-button-wrapper\">\n\t\t\t\t\t<a class=\"elementor-button elementor-button-link elementor-size-sm\" href=\"https:\/\/cliniquemira.com\/fr\/category\/non-chirurgical\/\">\n\t\t\t\t\t\t<span class=\"elementor-button-content-wrapper\">\n\t\t\t\t\t\t\t\t\t<span class=\"elementor-button-text\">Non chirurgical<\/span>\n\t\t\t\t\t<\/span>\n\t\t\t\t\t<\/a>\n\t\t\t\t<\/div>\n\t\t\t\t\t\t\t\t<\/div>\n\t\t\t\t<\/div>\n\t\t\t\t<div class=\"elementor-element elementor-element-e8840a3 elementor-align-justify elementor-widget__width-initial elementor-widget elementor-widget-button\" data-id=\"e8840a3\" data-element_type=\"widget\" data-e-type=\"widget\" data-widget_type=\"button.default\">\n\t\t\t\t<div class=\"elementor-widget-container\">\n\t\t\t\t\t\t\t\t\t<div class=\"elementor-button-wrapper\">\n\t\t\t\t\t<a class=\"elementor-button elementor-button-link elementor-size-sm\" href=\"https:\/\/cliniquemira.com\/fr\/category\/clinique-mira\/\">\n\t\t\t\t\t\t<span class=\"elementor-button-content-wrapper\">\n\t\t\t\t\t\t\t\t\t<span class=\"elementor-button-text\">Clinique Mira<\/span>\n\t\t\t\t\t<\/span>\n\t\t\t\t\t<\/a>\n\t\t\t\t<\/div>\n\t\t\t\t\t\t\t\t<\/div>\n\t\t\t\t<\/div>\n\t\t\t\t<\/div>\n\t\t<div class=\"elementor-element elementor-element-14f3e3a e-con-full e-flex e-con e-child\" data-id=\"14f3e3a\" data-element_type=\"container\" data-e-type=\"container\">\n\t\t\t\t<div class=\"elementor-element elementor-element-a3d2c28 elementor-widget elementor-widget-heading\" data-id=\"a3d2c28\" data-element_type=\"widget\" data-e-type=\"widget\" data-widget_type=\"heading.default\">\n\t\t\t\t<div class=\"elementor-widget-container\">\n\t\t\t\t\t<h1 class=\"elementor-heading-title elementor-size-default\">Blog<\/h1>\t\t\t\t<\/div>\n\t\t\t\t<\/div>\n\t\t\t\t<\/div>\n\t\t<div class=\"elementor-element elementor-element-cb44511 e-con-full e-flex e-con e-child\" data-id=\"cb44511\" data-element_type=\"container\" data-e-type=\"container\">\n\t\t\t\t<\/div>\n\t\t\t\t\t<\/div>\n\t\t\t\t<\/div>\n\t\t<div class=\"elementor-element elementor-element-bda36e1 e-flex e-con-boxed e-con e-parent\" data-id=\"bda36e1\" data-element_type=\"container\" data-e-type=\"container\">\n\t\t\t\t\t<div class=\"e-con-inner\">\n\t\t\t\t<div class=\"elementor-element elementor-element-dd5b44d elementor-grid-2 elementor-grid-mobile_extra-1 elementor-posts--thumbnail-top elementor-grid-tablet-2 elementor-grid-mobile-1 elementor-widget elementor-widget-posts\" data-id=\"dd5b44d\" data-element_type=\"widget\" data-e-type=\"widget\" data-settings=\"{&quot;custom_columns&quot;:&quot;2&quot;,&quot;custom_columns_mobile_extra&quot;:&quot;1&quot;,&quot;custom_columns_tablet&quot;:&quot;2&quot;,&quot;custom_columns_mobile&quot;:&quot;1&quot;,&quot;custom_row_gap&quot;:{&quot;unit&quot;:&quot;px&quot;,&quot;size&quot;:35,&quot;sizes&quot;:[]},&quot;custom_row_gap_laptop&quot;:{&quot;unit&quot;:&quot;px&quot;,&quot;size&quot;:&quot;&quot;,&quot;sizes&quot;:[]},&quot;custom_row_gap_tablet_extra&quot;:{&quot;unit&quot;:&quot;px&quot;,&quot;size&quot;:&quot;&quot;,&quot;sizes&quot;:[]},&quot;custom_row_gap_tablet&quot;:{&quot;unit&quot;:&quot;px&quot;,&quot;size&quot;:&quot;&quot;,&quot;sizes&quot;:[]},&quot;custom_row_gap_mobile_extra&quot;:{&quot;unit&quot;:&quot;px&quot;,&quot;size&quot;:&quot;&quot;,&quot;sizes&quot;:[]},&quot;custom_row_gap_mobile&quot;:{&quot;unit&quot;:&quot;px&quot;,&quot;size&quot;:&quot;&quot;,&quot;sizes&quot;:[]}}\" data-widget_type=\"posts.custom\">\n\t\t\t\t<div class=\"elementor-widget-container\">\n\t\t\t\t\t      <div class=\"ecs-posts elementor-posts-container elementor-posts   elementor-grid elementor-posts--skin-custom\" data-settings=\"{&quot;current_page&quot;:1,&quot;max_num_pages&quot;:1,&quot;load_method&quot;:&quot;&quot;,&quot;widget_id&quot;:&quot;dd5b44d&quot;,&quot;post_id&quot;:3384,&quot;theme_id&quot;:3384,&quot;change_url&quot;:false,&quot;reinit_js&quot;:false}\">\n      \t\t<article id=\"post-4669\" class=\"elementor-post elementor-grid-item ecs-post-loop post-4669 post type-post status-publish format-standard has-post-thumbnail hentry category-clinique-mira\">\n\t\t\t\t<div data-elementor-type=\"loop\" data-elementor-id=\"593\" class=\"elementor elementor-593 post-4669 post type-post status-publish format-standard has-post-thumbnail hentry category-clinique-mira\" data-elementor-post-type=\"elementor_library\">\n\t\t\t<a class=\"elementor-element elementor-element-c6cb6bd e-con-full e-flex e-con e-parent\" data-id=\"c6cb6bd\" data-element_type=\"container\" data-e-type=\"container\" href=\"https:\/\/cliniquemira.com\/fr\/apporter-une-touche-personnelle-a-lexperience-de-chaque-patient-avec-des-autocollants-personnalises\/\">\n\t\t<style>#post-4669 .elementor-593 .elementor-element.elementor-element-b175628:not(.elementor-motion-effects-element-type-background), #post-4669 .elementor-593 .elementor-element.elementor-element-b175628 > .elementor-motion-effects-container > .elementor-motion-effects-layer{background-image: url(\"https:\/\/cliniquemira.com\/wp-content\/uploads\/2026\/04\/clinique-mira-stickers.jpg\");}<\/style><div class=\"elementor-element elementor-element-b175628 e-con-full e-flex e-con e-child\" data-id=\"b175628\" data-element_type=\"container\" data-e-type=\"container\" data-settings=\"{&quot;background_background&quot;:&quot;classic&quot;}\">\n\t\t\t\t<div class=\"elementor-element elementor-element-7ab07d0 elementor-widget elementor-widget-post-info\" data-id=\"7ab07d0\" data-element_type=\"widget\" data-e-type=\"widget\" data-widget_type=\"post-info.default\">\n\t\t\t\t<div class=\"elementor-widget-container\">\n\t\t\t\t\t\t\t<ul class=\"elementor-inline-items elementor-icon-list-items elementor-post-info\">\n\t\t\t\t\t\t\t\t<li class=\"elementor-icon-list-item elementor-repeater-item-94b992e elementor-inline-item\" itemprop=\"about\">\n\t\t\t\t\t\t\t\t\t\t\t\t\t<span class=\"elementor-icon-list-text elementor-post-info__item elementor-post-info__item--type-terms\">\n\t\t\t\t\t\t\t\t\t\t<span class=\"elementor-post-info__terms-list\">\n\t\t\t\t<span class=\"elementor-post-info__terms-list-item\">Clinique Mira<\/span>\t\t\t\t<\/span>\n\t\t\t\t\t<\/span>\n\t\t\t\t\t\t\t\t<\/li>\n\t\t\t\t<\/ul>\n\t\t\t\t\t\t<\/div>\n\t\t\t\t<\/div>\n\t\t\t\t<\/div>\n\t\t<div class=\"elementor-element elementor-element-fb4b27e e-con-full e-flex e-con e-child\" data-id=\"fb4b27e\" data-element_type=\"container\" data-e-type=\"container\" data-settings=\"{&quot;background_background&quot;:&quot;classic&quot;}\">\n\t\t\t\t<div class=\"elementor-element elementor-element-f5a627c elementor-widget elementor-widget-heading\" data-id=\"f5a627c\" data-element_type=\"widget\" data-e-type=\"widget\" data-widget_type=\"heading.default\">\n\t\t\t\t<div class=\"elementor-widget-container\">\n\t\t\t\t\t<h2 class=\"elementor-heading-title elementor-size-default\">Apporter une touche personnelle \u00e0 l\u2019exp\u00e9rience de chaque patient avec des autocollants personnalis\u00e9s<\/h2>\t\t\t\t<\/div>\n\t\t\t\t<\/div>\n\t\t\t\t<div class=\"elementor-element elementor-element-ec4bd49 elementor-widget-divider--view-line elementor-widget elementor-widget-divider\" data-id=\"ec4bd49\" data-element_type=\"widget\" data-e-type=\"widget\" data-widget_type=\"divider.default\">\n\t\t\t\t<div class=\"elementor-widget-container\">\n\t\t\t\t\t\t\t<div class=\"elementor-divider\">\n\t\t\t<span class=\"elementor-divider-separator\">\n\t\t\t\t\t\t<\/span>\n\t\t<\/div>\n\t\t\t\t\t\t<\/div>\n\t\t\t\t<\/div>\n\t\t\t\t<div class=\"elementor-element elementor-element-8e83185 elementor-widget elementor-widget-theme-post-excerpt\" data-id=\"8e83185\" data-element_type=\"widget\" data-e-type=\"widget\" data-widget_type=\"theme-post-excerpt.default\">\n\t\t\t\t<div class=\"elementor-widget-container\">\n\t\t\t\t\t<p>\u00c0 la Clinique Mira, nous croyons que les petites attentions contribuent \u00e0 rendre l&#8217;exp\u00e9rience d&#8217;un patient plus personnelle et chaleureuse. [...]\t\t\t\t<\/div>\n\t\t\t\t<\/div>\n\t\t\t\t<div class=\"elementor-element elementor-element-ef79bbd elementor-author-box--avatar-yes elementor-author-box--name-yes elementor-author-box--link-no elementor-widget elementor-widget-author-box\" data-id=\"ef79bbd\" data-element_type=\"widget\" data-e-type=\"widget\" data-widget_type=\"author-box.default\">\n\t\t\t\t<div class=\"elementor-widget-container\">\n\t\t\t\t\t\t\t<div class=\"elementor-author-box\">\n\t\t\t\t\t\t\t<div  class=\"elementor-author-box__avatar\">\n\t\t\t\t\t<img decoding=\"async\" src=\"https:\/\/cliniquemira.com\/wp-content\/uploads\/2025\/06\/Group-78.svg\" alt=\"Picture of Clinique Mira\" loading=\"lazy\">\n\t\t\t\t<\/div>\n\t\t\t\n\t\t\t<div class=\"elementor-author-box__text\">\n\t\t\t\t\t\t\t\t\t<div >\n\t\t\t\t\t\t<h4 class=\"elementor-author-box__name\">\n\t\t\t\t\t\t\tClinique Mira\t\t\t\t\t\t<\/h4>\n\t\t\t\t\t<\/div>\n\t\t\t\t\n\t\t\t\t\n\t\t\t\t\t\t\t<\/div>\n\t\t<\/div>\n\t\t\t\t\t\t<\/div>\n\t\t\t\t<\/div>\n\t\t\t\t<div class=\"elementor-element elementor-element-bb58a37 elementor-widget elementor-widget-post-info\" data-id=\"bb58a37\" data-element_type=\"widget\" data-e-type=\"widget\" data-widget_type=\"post-info.default\">\n\t\t\t\t<div class=\"elementor-widget-container\">\n\t\t\t\t\t\t\t<ul class=\"elementor-inline-items elementor-icon-list-items elementor-post-info\">\n\t\t\t\t\t\t\t\t<li class=\"elementor-icon-list-item elementor-repeater-item-909bd49 elementor-inline-item\" itemprop=\"datePublished\">\n\t\t\t\t\t\t\t\t\t\t\t\t\t<span class=\"elementor-icon-list-text elementor-post-info__item elementor-post-info__item--type-date\">\n\t\t\t\t\t\t\t\t\t\t<time>2026-04-09<\/time>\t\t\t\t\t<\/span>\n\t\t\t\t\t\t\t\t<\/li>\n\t\t\t\t<\/ul>\n\t\t\t\t\t\t<\/div>\n\t\t\t\t<\/div>\n\t\t\t\t<\/div>\n\t\t\t\t<\/a>\n\t\t\t\t<\/div>\n\t\t\t\t<\/article>\n\t\t\t\t<\/div>\n\t\t\t\t\t\t<\/div>\n\t\t\t\t<\/div>\n\t\t\t\t\t<\/div>\n\t\t\t\t<\/div>\n\t\t\t\t<\/div>\n\t\t","protected":false},"excerpt":{"rendered":"<p>Chirurgie plastique Non chirurgical Clinique Mira Blog<\/p>\n","protected":false},"author":1,"featured_media":3203,"parent":0,"menu_order":0,"comment_status":"closed","ping_status":"closed","template":"","meta":{"footnotes":""},"class_list":["post-3384","page","type-page","status-publish","has-post-thumbnail","hentry"],"yoast_head":"<!-- This site is optimized with the Yoast SEO plugin v27.3 - https:\/\/yoast.com\/product\/yoast-seo-wordpress\/ -->\n<title>Blogue - Clinique Mira<\/title>\n<meta name=\"description\" content=\"Explore the Clinique Mira blog for expert advice on plastic surgery, beauty, and wellness from our certified surgeons.\" \/>\n<meta name=\"robots\" content=\"index, follow, max-snippet:-1, max-image-preview:large, max-video-preview:-1\" \/>\n<link rel=\"canonical\" href=\"https:\/\/cliniquemira.com\/fr\/blogue\/\" \/>\n<meta property=\"og:locale\" content=\"fr_FR\" \/>\n<meta property=\"og:type\" content=\"article\" \/>\n<meta property=\"og:title\" content=\"Blogue - Clinique Mira\" \/>\n<meta property=\"og:description\" content=\"Explore the Clinique Mira blog for expert advice on plastic surgery, beauty, and wellness from our certified surgeons.\" \/>\n<meta property=\"og:url\" content=\"https:\/\/cliniquemira.com\/fr\/blogue\/\" \/>\n<meta property=\"og:site_name\" content=\"Clinique Mira\" \/>\n<meta property=\"article:modified_time\" content=\"2026-04-09T14:25:31+00:00\" \/>\n<meta property=\"og:image\" content=\"https:\/\/cliniquemira.com\/wp-content\/uploads\/2025\/08\/clinique-mira-social.jpg\" \/>\n\t<meta property=\"og:image:width\" content=\"1200\" \/>\n\t<meta property=\"og:image:height\" content=\"600\" \/>\n\t<meta property=\"og:image:type\" content=\"image\/jpeg\" \/>\n<meta name=\"twitter:card\" content=\"summary_large_image\" \/>\n<meta name=\"twitter:label1\" content=\"Est. reading time\" \/>\n\t<meta name=\"twitter:data1\" content=\"1 minute\" \/>\n<script type=\"application\/ld+json\" class=\"yoast-schema-graph\">{\"@context\":\"https:\\\/\\\/schema.org\",\"@graph\":[{\"@type\":\"WebPage\",\"@id\":\"https:\\\/\\\/cliniquemira.com\\\/fr\\\/blogue\\\/\",\"url\":\"https:\\\/\\\/cliniquemira.com\\\/fr\\\/blogue\\\/\",\"name\":\"Blogue - Clinique Mira\",\"isPartOf\":{\"@id\":\"https:\\\/\\\/cliniquemira.com\\\/fr\\\/#website\"},\"primaryImageOfPage\":{\"@id\":\"https:\\\/\\\/cliniquemira.com\\\/fr\\\/blogue\\\/#primaryimage\"},\"image\":{\"@id\":\"https:\\\/\\\/cliniquemira.com\\\/fr\\\/blogue\\\/#primaryimage\"},\"thumbnailUrl\":\"https:\\\/\\\/cliniquemira.com\\\/wp-content\\\/uploads\\\/2025\\\/08\\\/clinique-mira-social.jpg\",\"datePublished\":\"2025-04-14T18:32:26+00:00\",\"dateModified\":\"2026-04-09T14:25:31+00:00\",\"description\":\"Explore the Clinique Mira blog for expert advice on plastic surgery, beauty, and wellness from our certified surgeons.\",\"breadcrumb\":{\"@id\":\"https:\\\/\\\/cliniquemira.com\\\/fr\\\/blogue\\\/#breadcrumb\"},\"inLanguage\":\"fr-FR\",\"potentialAction\":[{\"@type\":\"ReadAction\",\"target\":[\"https:\\\/\\\/cliniquemira.com\\\/fr\\\/blogue\\\/\"]}]},{\"@type\":\"ImageObject\",\"inLanguage\":\"fr-FR\",\"@id\":\"https:\\\/\\\/cliniquemira.com\\\/fr\\\/blogue\\\/#primaryimage\",\"url\":\"https:\\\/\\\/cliniquemira.com\\\/wp-content\\\/uploads\\\/2025\\\/08\\\/clinique-mira-social.jpg\",\"contentUrl\":\"https:\\\/\\\/cliniquemira.com\\\/wp-content\\\/uploads\\\/2025\\\/08\\\/clinique-mira-social.jpg\",\"width\":1200,\"height\":600},{\"@type\":\"BreadcrumbList\",\"@id\":\"https:\\\/\\\/cliniquemira.com\\\/fr\\\/blogue\\\/#breadcrumb\",\"itemListElement\":[{\"@type\":\"ListItem\",\"position\":1,\"name\":\"Home\",\"item\":\"https:\\\/\\\/cliniquemira.com\\\/fr\\\/\"},{\"@type\":\"ListItem\",\"position\":2,\"name\":\"Blogue\"}]},{\"@type\":\"WebSite\",\"@id\":\"https:\\\/\\\/cliniquemira.com\\\/fr\\\/#website\",\"url\":\"https:\\\/\\\/cliniquemira.com\\\/fr\\\/\",\"name\":\"Clinique Mira\",\"description\":\"Plastic Surgery &amp; Aesthetic Services in Montreal\",\"publisher\":{\"@id\":\"https:\\\/\\\/cliniquemira.com\\\/fr\\\/#organization\"},\"potentialAction\":[{\"@type\":\"SearchAction\",\"target\":{\"@type\":\"EntryPoint\",\"urlTemplate\":\"https:\\\/\\\/cliniquemira.com\\\/fr\\\/?s={search_term_string}\"},\"query-input\":{\"@type\":\"PropertyValueSpecification\",\"valueRequired\":true,\"valueName\":\"search_term_string\"}}],\"inLanguage\":\"fr-FR\"},{\"@type\":\"Organization\",\"@id\":\"https:\\\/\\\/cliniquemira.com\\\/fr\\\/#organization\",\"name\":\"Clinique Mira\",\"url\":\"https:\\\/\\\/cliniquemira.com\\\/fr\\\/\",\"logo\":{\"@type\":\"ImageObject\",\"inLanguage\":\"fr-FR\",\"@id\":\"https:\\\/\\\/cliniquemira.com\\\/fr\\\/#\\\/schema\\\/logo\\\/image\\\/\",\"url\":\"https:\\\/\\\/cliniquemira.com\\\/wp-content\\\/uploads\\\/2025\\\/07\\\/clinique-mira-.jpg\",\"contentUrl\":\"https:\\\/\\\/cliniquemira.com\\\/wp-content\\\/uploads\\\/2025\\\/07\\\/clinique-mira-.jpg\",\"width\":1980,\"height\":1317,\"caption\":\"Clinique Mira\"},\"image\":{\"@id\":\"https:\\\/\\\/cliniquemira.com\\\/fr\\\/#\\\/schema\\\/logo\\\/image\\\/\"}}]}<\/script>\n<!-- \/ Yoast SEO plugin. -->","yoast_head_json":{"title":"Blogue - Clinique Mira","description":"Explore the Clinique Mira blog for expert advice on plastic surgery, beauty, and wellness from our certified surgeons.","robots":{"index":"index","follow":"follow","max-snippet":"max-snippet:-1","max-image-preview":"max-image-preview:large","max-video-preview":"max-video-preview:-1"},"canonical":"https:\/\/cliniquemira.com\/fr\/blogue\/","og_locale":"fr_FR","og_type":"article","og_title":"Blogue - Clinique Mira","og_description":"Explore the Clinique Mira blog for expert advice on plastic surgery, beauty, and wellness from our certified surgeons.","og_url":"https:\/\/cliniquemira.com\/fr\/blogue\/","og_site_name":"Clinique Mira","article_modified_time":"2026-04-09T14:25:31+00:00","og_image":[{"width":1200,"height":600,"url":"https:\/\/cliniquemira.com\/wp-content\/uploads\/2025\/08\/clinique-mira-social.jpg","type":"image\/jpeg"}],"twitter_card":"summary_large_image","twitter_misc":{"Est. reading time":"1 minute"},"schema":{"@context":"https:\/\/schema.org","@graph":[{"@type":"WebPage","@id":"https:\/\/cliniquemira.com\/fr\/blogue\/","url":"https:\/\/cliniquemira.com\/fr\/blogue\/","name":"Blogue - Clinique Mira","isPartOf":{"@id":"https:\/\/cliniquemira.com\/fr\/#website"},"primaryImageOfPage":{"@id":"https:\/\/cliniquemira.com\/fr\/blogue\/#primaryimage"},"image":{"@id":"https:\/\/cliniquemira.com\/fr\/blogue\/#primaryimage"},"thumbnailUrl":"https:\/\/cliniquemira.com\/wp-content\/uploads\/2025\/08\/clinique-mira-social.jpg","datePublished":"2025-04-14T18:32:26+00:00","dateModified":"2026-04-09T14:25:31+00:00","description":"Explore the Clinique Mira blog for expert advice on plastic surgery, beauty, and wellness from our certified surgeons.","breadcrumb":{"@id":"https:\/\/cliniquemira.com\/fr\/blogue\/#breadcrumb"},"inLanguage":"fr-FR","potentialAction":[{"@type":"ReadAction","target":["https:\/\/cliniquemira.com\/fr\/blogue\/"]}]},{"@type":"ImageObject","inLanguage":"fr-FR","@id":"https:\/\/cliniquemira.com\/fr\/blogue\/#primaryimage","url":"https:\/\/cliniquemira.com\/wp-content\/uploads\/2025\/08\/clinique-mira-social.jpg","contentUrl":"https:\/\/cliniquemira.com\/wp-content\/uploads\/2025\/08\/clinique-mira-social.jpg","width":1200,"height":600},{"@type":"BreadcrumbList","@id":"https:\/\/cliniquemira.com\/fr\/blogue\/#breadcrumb","itemListElement":[{"@type":"ListItem","position":1,"name":"Home","item":"https:\/\/cliniquemira.com\/fr\/"},{"@type":"ListItem","position":2,"name":"Blogue"}]},{"@type":"WebSite","@id":"https:\/\/cliniquemira.com\/fr\/#website","url":"https:\/\/cliniquemira.com\/fr\/","name":"Clinique Mira","description":"Plastic Surgery &amp; Aesthetic Services in Montreal","publisher":{"@id":"https:\/\/cliniquemira.com\/fr\/#organization"},"potentialAction":[{"@type":"SearchAction","target":{"@type":"EntryPoint","urlTemplate":"https:\/\/cliniquemira.com\/fr\/?s={search_term_string}"},"query-input":{"@type":"PropertyValueSpecification","valueRequired":true,"valueName":"search_term_string"}}],"inLanguage":"fr-FR"},{"@type":"Organization","@id":"https:\/\/cliniquemira.com\/fr\/#organization","name":"Clinique Mira","url":"https:\/\/cliniquemira.com\/fr\/","logo":{"@type":"ImageObject","inLanguage":"fr-FR","@id":"https:\/\/cliniquemira.com\/fr\/#\/schema\/logo\/image\/","url":"https:\/\/cliniquemira.com\/wp-content\/uploads\/2025\/07\/clinique-mira-.jpg","contentUrl":"https:\/\/cliniquemira.com\/wp-content\/uploads\/2025\/07\/clinique-mira-.jpg","width":1980,"height":1317,"caption":"Clinique Mira"},"image":{"@id":"https:\/\/cliniquemira.com\/fr\/#\/schema\/logo\/image\/"}}]}},"_links":{"self":[{"href":"https:\/\/cliniquemira.com\/fr\/wp-json\/wp\/v2\/pages\/3384","targetHints":{"allow":["GET"]}}],"collection":[{"href":"https:\/\/cliniquemira.com\/fr\/wp-json\/wp\/v2\/pages"}],"about":[{"href":"https:\/\/cliniquemira.com\/fr\/wp-json\/wp\/v2\/types\/page"}],"author":[{"embeddable":true,"href":"https:\/\/cliniquemira.com\/fr\/wp-json\/wp\/v2\/users\/1"}],"replies":[{"embeddable":true,"href":"https:\/\/cliniquemira.com\/fr\/wp-json\/wp\/v2\/comments?post=3384"}],"version-history":[{"count":11,"href":"https:\/\/cliniquemira.com\/fr\/wp-json\/wp\/v2\/pages\/3384\/revisions"}],"predecessor-version":[{"id":4681,"href":"https:\/\/cliniquemira.com\/fr\/wp-json\/wp\/v2\/pages\/3384\/revisions\/4681"}],"wp:featuredmedia":[{"embeddable":true,"href":"https:\/\/cliniquemira.com\/fr\/wp-json\/wp\/v2\/media\/3203"}],"wp:attachment":[{"href":"https:\/\/cliniquemira.com\/fr\/wp-json\/wp\/v2\/media?parent=3384"}],"curies":[{"name":"wp","href":"https:\/\/api.w.org\/{rel}","templated":true}]}}