{"id":4061,"date":"2025-08-18T18:42:08","date_gmt":"2025-08-18T18:42:08","guid":{"rendered":"https:\/\/mira.wid.studio\/services\/"},"modified":"2026-02-24T14:14:10","modified_gmt":"2026-02-24T14:14:10","slug":"services","status":"publish","type":"page","link":"https:\/\/cliniquemira.com\/fr\/services\/","title":{"rendered":"Plastic Surgery &amp; Aesthetic Services in Montreal"},"content":{"rendered":"\t\t<div data-elementor-type=\"wp-page\" data-elementor-id=\"4061\" class=\"elementor elementor-4061 elementor-2463\" data-elementor-post-type=\"page\">\n\t\t\t\t<div class=\"elementor-element elementor-element-cf5a1de e-flex e-con-boxed e-con e-parent\" data-id=\"cf5a1de\" data-element_type=\"container\" data-e-type=\"container\" data-settings=\"{&quot;background_background&quot;:&quot;classic&quot;}\">\n\t\t\t\t\t<div class=\"e-con-inner\">\n\t\t<div class=\"elementor-element elementor-element-abab339 e-con-full e-flex e-con e-child\" data-id=\"abab339\" data-element_type=\"container\" data-e-type=\"container\" data-settings=\"{&quot;position&quot;:&quot;absolute&quot;}\">\n\t\t\t\t<\/div>\n\t\t<div class=\"elementor-element elementor-element-4b6d34d e-con-full e-flex e-con e-child\" data-id=\"4b6d34d\" data-element_type=\"container\" data-e-type=\"container\">\n\t\t\t\t<div class=\"elementor-element elementor-element-0bf8b12 elementor-widget elementor-widget-heading\" data-id=\"0bf8b12\" data-element_type=\"widget\" data-e-type=\"widget\" data-widget_type=\"heading.default\">\n\t\t\t\t<div class=\"elementor-widget-container\">\n\t\t\t\t\t<h1 class=\"elementor-heading-title elementor-size-default\">Services<\/h1>\t\t\t\t<\/div>\n\t\t\t\t<\/div>\n\t\t\t\t<\/div>\n\t\t<div class=\"elementor-element elementor-element-5091eba e-con-full e-flex e-con e-child\" data-id=\"5091eba\" data-element_type=\"container\" data-e-type=\"container\">\n\t\t\t\t<div class=\"elementor-element elementor-element-ce0e2ea elementor-widget elementor-widget-text-editor\" data-id=\"ce0e2ea\" data-element_type=\"widget\" data-e-type=\"widget\" data-widget_type=\"text-editor.default\">\n\t\t\t\t<div class=\"elementor-widget-container\">\n\t\t\t\t\t\t\t\t\t<p>Rajeunissez votre regard<\/p>\t\t\t\t\t\t\t\t<\/div>\n\t\t\t\t<\/div>\n\t\t\t\t<div class=\"elementor-element elementor-element-5485767 elementor-align-justify elementor-widget__width-initial elementor-widget elementor-widget-button\" data-id=\"5485767\" data-element_type=\"widget\" data-e-type=\"widget\" data-widget_type=\"button.default\">\n\t\t\t\t<div class=\"elementor-widget-container\">\n\t\t\t\t\t\t\t\t\t<div class=\"elementor-button-wrapper\">\n\t\t\t\t\t<a class=\"elementor-button elementor-button-link elementor-size-sm\" href=\"https:\/\/drgalli.janeapp.com\/#\/list\" target=\"_blank\">\n\t\t\t\t\t\t<span class=\"elementor-button-content-wrapper\">\n\t\t\t\t\t\t\t\t\t<span class=\"elementor-button-text\">Prendre rendez-vous<\/span>\n\t\t\t\t\t<\/span>\n\t\t\t\t\t<\/a>\n\t\t\t\t<\/div>\n\t\t\t\t\t\t\t\t<\/div>\n\t\t\t\t<\/div>\n\t\t\t\t<\/div>\n\t\t\t\t\t<\/div>\n\t\t\t\t<\/div>\n\t\t<div class=\"elementor-element elementor-element-a70d3a7 e-flex e-con-boxed e-con e-parent\" data-id=\"a70d3a7\" data-element_type=\"container\" data-e-type=\"container\">\n\t\t\t\t\t<div class=\"e-con-inner\">\n\t\t\t\t<div class=\"elementor-element elementor-element-4b4fbd2 elementor-widget elementor-widget-text-editor\" data-id=\"4b4fbd2\" data-element_type=\"widget\" data-e-type=\"widget\" data-widget_type=\"text-editor.default\">\n\t\t\t\t<div class=\"elementor-widget-container\">\n\t\t\t\t\t\t\t\t\t<p>\u00c0 la Clinique Mira, nous offrons une gamme compl\u00e8te de proc\u00e9dures avanc\u00e9es pour le visage, les seins et le corps, ainsi qu&#8217;une s\u00e9lection rigoureuse de traitements non chirurgicaux de premier plan. Chaque service \u00e9num\u00e9r\u00e9 ci-dessous est r\u00e9alis\u00e9 sous la direction experte de nos chirurgiens plasticiens certifi\u00e9s par le coll\u00e8ge et s&#8217;appuie sur notre philosophie fondamentale consistant \u00e0 offrir des r\u00e9sultats exceptionnellement naturels et harmonieux, adapt\u00e9s \u00e0 vos objectifs individuels. Nous vous invitons \u00e0 explorer nos offres compl\u00e8tes pour d\u00e9couvrir comment nous pouvons vous accompagner dans votre d\u00e9marche vers une confiance et un bien-\u00eatre renouvel\u00e9s.<\/p>\t\t\t\t\t\t\t\t<\/div>\n\t\t\t\t<\/div>\n\t\t\t\t\t<\/div>\n\t\t\t\t<\/div>\n\t\t<div class=\"elementor-element elementor-element-1840c43 e-con-full e-flex e-con e-parent\" data-id=\"1840c43\" data-element_type=\"container\" data-e-type=\"container\">\n\t\t\t\t<div class=\"elementor-element elementor-element-cd5bc05 elementor-grid-mobile_extra-1 elementor-posts--thumbnail-top elementor-grid-3 elementor-grid-tablet-2 elementor-grid-mobile-1 elementor-widget elementor-widget-posts\" data-id=\"cd5bc05\" data-element_type=\"widget\" data-e-type=\"widget\" data-settings=\"{&quot;custom_columns_mobile_extra&quot;:&quot;1&quot;,&quot;custom_row_gap&quot;:{&quot;unit&quot;:&quot;px&quot;,&quot;size&quot;:5,&quot;sizes&quot;:[]},&quot;custom_columns&quot;:&quot;3&quot;,&quot;custom_columns_tablet&quot;:&quot;2&quot;,&quot;custom_columns_mobile&quot;:&quot;1&quot;,&quot;custom_row_gap_laptop&quot;:{&quot;unit&quot;:&quot;px&quot;,&quot;size&quot;:&quot;&quot;,&quot;sizes&quot;:[]},&quot;custom_row_gap_tablet_extra&quot;:{&quot;unit&quot;:&quot;px&quot;,&quot;size&quot;:&quot;&quot;,&quot;sizes&quot;:[]},&quot;custom_row_gap_tablet&quot;:{&quot;unit&quot;:&quot;px&quot;,&quot;size&quot;:&quot;&quot;,&quot;sizes&quot;:[]},&quot;custom_row_gap_mobile_extra&quot;:{&quot;unit&quot;:&quot;px&quot;,&quot;size&quot;:&quot;&quot;,&quot;sizes&quot;:[]},&quot;custom_row_gap_mobile&quot;:{&quot;unit&quot;:&quot;px&quot;,&quot;size&quot;:&quot;&quot;,&quot;sizes&quot;:[]}}\" data-widget_type=\"posts.custom\">\n\t\t\t\t<div class=\"elementor-widget-container\">\n\t\t\t\t\t      <div class=\"ecs-posts elementor-posts-container elementor-posts   elementor-grid elementor-posts--skin-custom\" data-settings=\"{&quot;current_page&quot;:1,&quot;max_num_pages&quot;:0,&quot;load_method&quot;:&quot;&quot;,&quot;widget_id&quot;:&quot;cd5bc05&quot;,&quot;post_id&quot;:4061,&quot;theme_id&quot;:4061,&quot;change_url&quot;:false,&quot;reinit_js&quot;:false}\">\n      <div class=\"elementor-posts-nothing-found\"><\/div>\t\t<\/div>\n\t\t\t\t\t\t<\/div>\n\t\t\t\t<\/div>\n\t\t\t\t<\/div>\n\t\t\t\t<\/div>\n\t\t","protected":false},"excerpt":{"rendered":"<p>Services Rajeunissez votre regard Prendre rendez-vous \u00c0 la Clinique Mira, nous offrons une gamme compl\u00e8te de proc\u00e9dures avanc\u00e9es pour le visage, les seins et le corps, ainsi qu&#8217;une s\u00e9lection rigoureuse de traitements non chirurgicaux de premier plan. Chaque service \u00e9num\u00e9r\u00e9 ci-dessous est r\u00e9alis\u00e9 sous la direction experte de nos chirurgiens plasticiens certifi\u00e9s par le coll\u00e8ge [&hellip;]<\/p>\n","protected":false},"author":1,"featured_media":3203,"parent":0,"menu_order":0,"comment_status":"closed","ping_status":"closed","template":"","meta":{"footnotes":""},"class_list":["post-4061","page","type-page","status-publish","has-post-thumbnail","hentry"],"yoast_head":"<!-- This site is optimized with the Yoast SEO plugin v27.3 - https:\/\/yoast.com\/product\/yoast-seo-wordpress\/ -->\n<title>Plastic Surgery &amp; Aesthetic Services in Montreal - Clinique Mira<\/title>\n<meta name=\"description\" content=\"Explore all procedures at Clinique Mira. We offer a full range of surgical &amp; non-surgical options for face, breast &amp; body.\" \/>\n<meta name=\"robots\" content=\"index, follow, max-snippet:-1, max-image-preview:large, max-video-preview:-1\" \/>\n<link rel=\"canonical\" href=\"https:\/\/cliniquemira.com\/fr\/services\/\" \/>\n<meta property=\"og:locale\" content=\"fr_FR\" \/>\n<meta property=\"og:type\" content=\"article\" \/>\n<meta property=\"og:title\" content=\"Plastic Surgery &amp; Aesthetic Services in Montreal - Clinique Mira\" \/>\n<meta property=\"og:description\" content=\"Explore all procedures at Clinique Mira. We offer a full range of surgical &amp; non-surgical options for face, breast &amp; body.\" \/>\n<meta property=\"og:url\" content=\"https:\/\/cliniquemira.com\/fr\/services\/\" \/>\n<meta property=\"og:site_name\" content=\"Clinique Mira\" \/>\n<meta property=\"article:modified_time\" content=\"2026-02-24T14:14:10+00:00\" \/>\n<meta property=\"og:image\" content=\"https:\/\/cliniquemira.com\/wp-content\/uploads\/2025\/08\/clinique-mira-social.jpg\" \/>\n\t<meta property=\"og:image:width\" content=\"1200\" \/>\n\t<meta property=\"og:image:height\" content=\"600\" \/>\n\t<meta property=\"og:image:type\" content=\"image\/jpeg\" \/>\n<meta name=\"twitter:card\" content=\"summary_large_image\" \/>\n<meta name=\"twitter:label1\" content=\"Est. reading time\" \/>\n\t<meta name=\"twitter:data1\" content=\"1 minute\" \/>\n<script type=\"application\/ld+json\" class=\"yoast-schema-graph\">{\"@context\":\"https:\\\/\\\/schema.org\",\"@graph\":[{\"@type\":\"WebPage\",\"@id\":\"https:\\\/\\\/cliniquemira.com\\\/fr\\\/services\\\/\",\"url\":\"https:\\\/\\\/cliniquemira.com\\\/fr\\\/services\\\/\",\"name\":\"Plastic Surgery &amp; Aesthetic Services in Montreal - Clinique Mira\",\"isPartOf\":{\"@id\":\"https:\\\/\\\/cliniquemira.com\\\/fr\\\/#website\"},\"primaryImageOfPage\":{\"@id\":\"https:\\\/\\\/cliniquemira.com\\\/fr\\\/services\\\/#primaryimage\"},\"image\":{\"@id\":\"https:\\\/\\\/cliniquemira.com\\\/fr\\\/services\\\/#primaryimage\"},\"thumbnailUrl\":\"https:\\\/\\\/cliniquemira.com\\\/wp-content\\\/uploads\\\/2025\\\/08\\\/clinique-mira-social.jpg\",\"datePublished\":\"2025-08-18T18:42:08+00:00\",\"dateModified\":\"2026-02-24T14:14:10+00:00\",\"description\":\"Explore all procedures at Clinique Mira. We offer a full range of surgical & non-surgical options for face, breast & body.\",\"breadcrumb\":{\"@id\":\"https:\\\/\\\/cliniquemira.com\\\/fr\\\/services\\\/#breadcrumb\"},\"inLanguage\":\"fr-FR\",\"potentialAction\":[{\"@type\":\"ReadAction\",\"target\":[\"https:\\\/\\\/cliniquemira.com\\\/fr\\\/services\\\/\"]}]},{\"@type\":\"ImageObject\",\"inLanguage\":\"fr-FR\",\"@id\":\"https:\\\/\\\/cliniquemira.com\\\/fr\\\/services\\\/#primaryimage\",\"url\":\"https:\\\/\\\/cliniquemira.com\\\/wp-content\\\/uploads\\\/2025\\\/08\\\/clinique-mira-social.jpg\",\"contentUrl\":\"https:\\\/\\\/cliniquemira.com\\\/wp-content\\\/uploads\\\/2025\\\/08\\\/clinique-mira-social.jpg\",\"width\":1200,\"height\":600},{\"@type\":\"BreadcrumbList\",\"@id\":\"https:\\\/\\\/cliniquemira.com\\\/fr\\\/services\\\/#breadcrumb\",\"itemListElement\":[{\"@type\":\"ListItem\",\"position\":1,\"name\":\"Home\",\"item\":\"https:\\\/\\\/cliniquemira.com\\\/fr\\\/\"},{\"@type\":\"ListItem\",\"position\":2,\"name\":\"Plastic Surgery &amp; Aesthetic Services in Montreal\"}]},{\"@type\":\"WebSite\",\"@id\":\"https:\\\/\\\/cliniquemira.com\\\/fr\\\/#website\",\"url\":\"https:\\\/\\\/cliniquemira.com\\\/fr\\\/\",\"name\":\"Clinique Mira\",\"description\":\"Plastic Surgery &amp; Aesthetic Services in Montreal\",\"publisher\":{\"@id\":\"https:\\\/\\\/cliniquemira.com\\\/fr\\\/#organization\"},\"potentialAction\":[{\"@type\":\"SearchAction\",\"target\":{\"@type\":\"EntryPoint\",\"urlTemplate\":\"https:\\\/\\\/cliniquemira.com\\\/fr\\\/?s={search_term_string}\"},\"query-input\":{\"@type\":\"PropertyValueSpecification\",\"valueRequired\":true,\"valueName\":\"search_term_string\"}}],\"inLanguage\":\"fr-FR\"},{\"@type\":\"Organization\",\"@id\":\"https:\\\/\\\/cliniquemira.com\\\/fr\\\/#organization\",\"name\":\"Clinique Mira\",\"url\":\"https:\\\/\\\/cliniquemira.com\\\/fr\\\/\",\"logo\":{\"@type\":\"ImageObject\",\"inLanguage\":\"fr-FR\",\"@id\":\"https:\\\/\\\/cliniquemira.com\\\/fr\\\/#\\\/schema\\\/logo\\\/image\\\/\",\"url\":\"https:\\\/\\\/cliniquemira.com\\\/wp-content\\\/uploads\\\/2025\\\/07\\\/clinique-mira-.jpg\",\"contentUrl\":\"https:\\\/\\\/cliniquemira.com\\\/wp-content\\\/uploads\\\/2025\\\/07\\\/clinique-mira-.jpg\",\"width\":1980,\"height\":1317,\"caption\":\"Clinique Mira\"},\"image\":{\"@id\":\"https:\\\/\\\/cliniquemira.com\\\/fr\\\/#\\\/schema\\\/logo\\\/image\\\/\"}}]}<\/script>\n<!-- \/ Yoast SEO plugin. -->","yoast_head_json":{"title":"Plastic Surgery &amp; Aesthetic Services in Montreal - Clinique Mira","description":"Explore all procedures at Clinique Mira. We offer a full range of surgical & non-surgical options for face, breast & body.","robots":{"index":"index","follow":"follow","max-snippet":"max-snippet:-1","max-image-preview":"max-image-preview:large","max-video-preview":"max-video-preview:-1"},"canonical":"https:\/\/cliniquemira.com\/fr\/services\/","og_locale":"fr_FR","og_type":"article","og_title":"Plastic Surgery &amp; Aesthetic Services in Montreal - Clinique Mira","og_description":"Explore all procedures at Clinique Mira. We offer a full range of surgical & non-surgical options for face, breast & body.","og_url":"https:\/\/cliniquemira.com\/fr\/services\/","og_site_name":"Clinique Mira","article_modified_time":"2026-02-24T14:14:10+00:00","og_image":[{"width":1200,"height":600,"url":"https:\/\/cliniquemira.com\/wp-content\/uploads\/2025\/08\/clinique-mira-social.jpg","type":"image\/jpeg"}],"twitter_card":"summary_large_image","twitter_misc":{"Est. reading time":"1 minute"},"schema":{"@context":"https:\/\/schema.org","@graph":[{"@type":"WebPage","@id":"https:\/\/cliniquemira.com\/fr\/services\/","url":"https:\/\/cliniquemira.com\/fr\/services\/","name":"Plastic Surgery &amp; Aesthetic Services in Montreal - Clinique Mira","isPartOf":{"@id":"https:\/\/cliniquemira.com\/fr\/#website"},"primaryImageOfPage":{"@id":"https:\/\/cliniquemira.com\/fr\/services\/#primaryimage"},"image":{"@id":"https:\/\/cliniquemira.com\/fr\/services\/#primaryimage"},"thumbnailUrl":"https:\/\/cliniquemira.com\/wp-content\/uploads\/2025\/08\/clinique-mira-social.jpg","datePublished":"2025-08-18T18:42:08+00:00","dateModified":"2026-02-24T14:14:10+00:00","description":"Explore all procedures at Clinique Mira. We offer a full range of surgical & non-surgical options for face, breast & body.","breadcrumb":{"@id":"https:\/\/cliniquemira.com\/fr\/services\/#breadcrumb"},"inLanguage":"fr-FR","potentialAction":[{"@type":"ReadAction","target":["https:\/\/cliniquemira.com\/fr\/services\/"]}]},{"@type":"ImageObject","inLanguage":"fr-FR","@id":"https:\/\/cliniquemira.com\/fr\/services\/#primaryimage","url":"https:\/\/cliniquemira.com\/wp-content\/uploads\/2025\/08\/clinique-mira-social.jpg","contentUrl":"https:\/\/cliniquemira.com\/wp-content\/uploads\/2025\/08\/clinique-mira-social.jpg","width":1200,"height":600},{"@type":"BreadcrumbList","@id":"https:\/\/cliniquemira.com\/fr\/services\/#breadcrumb","itemListElement":[{"@type":"ListItem","position":1,"name":"Home","item":"https:\/\/cliniquemira.com\/fr\/"},{"@type":"ListItem","position":2,"name":"Plastic Surgery &amp; Aesthetic Services in Montreal"}]},{"@type":"WebSite","@id":"https:\/\/cliniquemira.com\/fr\/#website","url":"https:\/\/cliniquemira.com\/fr\/","name":"Clinique Mira","description":"Plastic Surgery &amp; Aesthetic Services in Montreal","publisher":{"@id":"https:\/\/cliniquemira.com\/fr\/#organization"},"potentialAction":[{"@type":"SearchAction","target":{"@type":"EntryPoint","urlTemplate":"https:\/\/cliniquemira.com\/fr\/?s={search_term_string}"},"query-input":{"@type":"PropertyValueSpecification","valueRequired":true,"valueName":"search_term_string"}}],"inLanguage":"fr-FR"},{"@type":"Organization","@id":"https:\/\/cliniquemira.com\/fr\/#organization","name":"Clinique Mira","url":"https:\/\/cliniquemira.com\/fr\/","logo":{"@type":"ImageObject","inLanguage":"fr-FR","@id":"https:\/\/cliniquemira.com\/fr\/#\/schema\/logo\/image\/","url":"https:\/\/cliniquemira.com\/wp-content\/uploads\/2025\/07\/clinique-mira-.jpg","contentUrl":"https:\/\/cliniquemira.com\/wp-content\/uploads\/2025\/07\/clinique-mira-.jpg","width":1980,"height":1317,"caption":"Clinique Mira"},"image":{"@id":"https:\/\/cliniquemira.com\/fr\/#\/schema\/logo\/image\/"}}]}},"_links":{"self":[{"href":"https:\/\/cliniquemira.com\/fr\/wp-json\/wp\/v2\/pages\/4061","targetHints":{"allow":["GET"]}}],"collection":[{"href":"https:\/\/cliniquemira.com\/fr\/wp-json\/wp\/v2\/pages"}],"about":[{"href":"https:\/\/cliniquemira.com\/fr\/wp-json\/wp\/v2\/types\/page"}],"author":[{"embeddable":true,"href":"https:\/\/cliniquemira.com\/fr\/wp-json\/wp\/v2\/users\/1"}],"replies":[{"embeddable":true,"href":"https:\/\/cliniquemira.com\/fr\/wp-json\/wp\/v2\/comments?post=4061"}],"version-history":[{"count":3,"href":"https:\/\/cliniquemira.com\/fr\/wp-json\/wp\/v2\/pages\/4061\/revisions"}],"predecessor-version":[{"id":4065,"href":"https:\/\/cliniquemira.com\/fr\/wp-json\/wp\/v2\/pages\/4061\/revisions\/4065"}],"wp:featuredmedia":[{"embeddable":true,"href":"https:\/\/cliniquemira.com\/fr\/wp-json\/wp\/v2\/media\/3203"}],"wp:attachment":[{"href":"https:\/\/cliniquemira.com\/fr\/wp-json\/wp\/v2\/media?parent=4061"}],"curies":[{"name":"wp","href":"https:\/\/api.w.org\/{rel}","templated":true}]}}