{"id":3609,"date":"2025-04-14T18:32:36","date_gmt":"2025-04-14T18:32:36","guid":{"rendered":"https:\/\/mira.wid.studio\/contact\/"},"modified":"2026-03-11T15:55:57","modified_gmt":"2026-03-11T15:55:57","slug":"contato","status":"publish","type":"page","link":"https:\/\/cliniquemira.com\/pt-br\/contato\/","title":{"rendered":"Contato"},"content":{"rendered":"\t\t<div data-elementor-type=\"wp-page\" data-elementor-id=\"3609\" class=\"elementor elementor-3609 elementor-47\" data-elementor-post-type=\"page\">\n\t\t\t\t<div class=\"elementor-element elementor-element-600298c elementor-hidden-tablet elementor-hidden-mobile_extra elementor-hidden-mobile e-flex e-con-boxed e-con e-parent\" data-id=\"600298c\" data-element_type=\"container\" data-e-type=\"container\">\n\t\t\t\t\t<div class=\"e-con-inner\">\n\t\t<div class=\"elementor-element elementor-element-51b8561 e-con-full e-flex e-con e-child\" data-id=\"51b8561\" data-element_type=\"container\" data-e-type=\"container\">\n\t\t\t\t<div class=\"elementor-element elementor-element-80b87b6 elementor-widget elementor-widget-image\" data-id=\"80b87b6\" data-element_type=\"widget\" data-e-type=\"widget\" data-widget_type=\"image.default\">\n\t\t\t\t<div class=\"elementor-widget-container\">\n\t\t\t\t\t\t\t\t\t\t\t\t\t\t\t\t<a href=\"https:\/\/cliniquemira.com\/pt-br\/\">\n\t\t\t\t\t\t\t<img decoding=\"async\" width=\"356\" height=\"35\" src=\"https:\/\/cliniquemira.com\/wp-content\/uploads\/2025\/05\/logo-clinique-mira.svg\" class=\"attachment-large size-large wp-image-3388\" alt=\"\" \/>\t\t\t\t\t\t\t\t<\/a>\n\t\t\t\t\t\t\t\t\t\t\t\t\t\t\t<\/div>\n\t\t\t\t<\/div>\n\t\t\t\t<\/div>\n\t\t\t\t\t<\/div>\n\t\t\t\t<\/div>\n\t\t<div class=\"elementor-element elementor-element-c11752e e-flex e-con-boxed e-con e-parent\" data-id=\"c11752e\" data-element_type=\"container\" data-e-type=\"container\" data-settings=\"{&quot;background_background&quot;:&quot;classic&quot;}\">\n\t\t\t\t\t<div class=\"e-con-inner\">\n\t\t<div class=\"elementor-element elementor-element-976c0ac e-con-full e-flex e-con e-child\" data-id=\"976c0ac\" data-element_type=\"container\" data-e-type=\"container\">\n\t\t<div class=\"elementor-element elementor-element-f3261ed e-con-full e-flex e-con e-child\" data-id=\"f3261ed\" data-element_type=\"container\" data-e-type=\"container\">\n\t\t\t\t<div class=\"elementor-element elementor-element-74b5dc7 elementor-widget elementor-widget-image\" data-id=\"74b5dc7\" data-element_type=\"widget\" data-e-type=\"widget\" data-widget_type=\"image.default\">\n\t\t\t\t<div class=\"elementor-widget-container\">\n\t\t\t\t\t\t\t\t\t\t\t\t\t\t\t<img decoding=\"async\" width=\"40\" height=\"44\" src=\"https:\/\/cliniquemira.com\/wp-content\/uploads\/2025\/04\/icon.svg\" class=\"attachment-large size-large wp-image-3225\" alt=\"\" \/>\t\t\t\t\t\t\t\t\t\t\t\t\t\t\t<\/div>\n\t\t\t\t<\/div>\n\t\t\t\t<div class=\"elementor-element elementor-element-9239362 elementor-hidden-mobile_extra elementor-hidden-mobile elementor-widget-divider--view-line elementor-widget elementor-widget-divider\" data-id=\"9239362\" data-element_type=\"widget\" data-e-type=\"widget\" data-widget_type=\"divider.default\">\n\t\t\t\t<div class=\"elementor-widget-container\">\n\t\t\t\t\t\t\t<div class=\"elementor-divider\">\n\t\t\t<span class=\"elementor-divider-separator\">\n\t\t\t\t\t\t<\/span>\n\t\t<\/div>\n\t\t\t\t\t\t<\/div>\n\t\t\t\t<\/div>\n\t\t\t\t<\/div>\n\t\t\t\t<div class=\"elementor-element elementor-element-b519806 elementor-widget elementor-widget-heading\" data-id=\"b519806\" data-element_type=\"widget\" data-e-type=\"widget\" data-widget_type=\"heading.default\">\n\t\t\t\t<div class=\"elementor-widget-container\">\n\t\t\t\t\t<h2 class=\"elementor-heading-title elementor-size-default\">Contato<\/h2>\t\t\t\t<\/div>\n\t\t\t\t<\/div>\n\t\t\t\t<div class=\"elementor-element elementor-element-c4c898a elementor-widget elementor-widget-text-editor\" data-id=\"c4c898a\" data-element_type=\"widget\" data-e-type=\"widget\" data-widget_type=\"text-editor.default\">\n\t\t\t\t<div class=\"elementor-widget-container\">\n\t\t\t\t\t\t\t\t\t<p>Entre em contato com a Clinique Mira hoje mesmo para agendar sua consulta personalizada e iniciar sua jornada rumo a uma maior autoconfian\u00e7a. Nossa equipe est\u00e1 \u00e0 disposi\u00e7\u00e3o para ajudar com quaisquer d\u00favidas ou solicita\u00e7\u00f5es de agendamento.<\/p>\t\t\t\t\t\t\t\t<\/div>\n\t\t\t\t<\/div>\n\t\t\t\t<div class=\"elementor-element elementor-element-113545b elementor-align-justify elementor-widget__width-initial elementor-widget elementor-widget-button\" data-id=\"113545b\" data-element_type=\"widget\" data-e-type=\"widget\" data-widget_type=\"button.default\">\n\t\t\t\t<div class=\"elementor-widget-container\">\n\t\t\t\t\t\t\t\t\t<div class=\"elementor-button-wrapper\">\n\t\t\t\t\t<a class=\"elementor-button elementor-button-link elementor-size-sm\" href=\"#\">\n\t\t\t\t\t\t<span class=\"elementor-button-content-wrapper\">\n\t\t\t\t\t\t\t\t\t<span class=\"elementor-button-text\">Tel: 514-938-4017<\/span>\n\t\t\t\t\t<\/span>\n\t\t\t\t\t<\/a>\n\t\t\t\t<\/div>\n\t\t\t\t\t\t\t\t<\/div>\n\t\t\t\t<\/div>\n\t\t\t\t<div class=\"elementor-element elementor-element-e7846e9 elementor-align-justify elementor-widget__width-initial elementor-widget elementor-widget-button\" data-id=\"e7846e9\" data-element_type=\"widget\" data-e-type=\"widget\" data-widget_type=\"button.default\">\n\t\t\t\t<div class=\"elementor-widget-container\">\n\t\t\t\t\t\t\t\t\t<div class=\"elementor-button-wrapper\">\n\t\t\t\t\t<a class=\"elementor-button elementor-button-link elementor-size-sm\" href=\"mailto:contact@cliniquemira.com\" target=\"_blank\">\n\t\t\t\t\t\t<span class=\"elementor-button-content-wrapper\">\n\t\t\t\t\t\t\t\t\t<span class=\"elementor-button-text\">E-mail: <span>contact@cliniquemira.com<\/span><\/span>\n\t\t\t\t\t<\/span>\n\t\t\t\t\t<\/a>\n\t\t\t\t<\/div>\n\t\t\t\t\t\t\t\t<\/div>\n\t\t\t\t<\/div>\n\t\t\t\t<div class=\"elementor-element elementor-element-83708b2 elementor-align-justify elementor-widget__width-initial elementor-widget elementor-widget-button\" data-id=\"83708b2\" data-element_type=\"widget\" data-e-type=\"widget\" data-widget_type=\"button.default\">\n\t\t\t\t<div class=\"elementor-widget-container\">\n\t\t\t\t\t\t\t\t\t<div class=\"elementor-button-wrapper\">\n\t\t\t\t\t<a class=\"elementor-button elementor-button-link elementor-size-sm\" href=\"#\">\n\t\t\t\t\t\t<span class=\"elementor-button-content-wrapper\">\n\t\t\t\t\t\t\t\t\t<span class=\"elementor-button-text\">Fax: 514-938-4098<\/span>\n\t\t\t\t\t<\/span>\n\t\t\t\t\t<\/a>\n\t\t\t\t<\/div>\n\t\t\t\t\t\t\t\t<\/div>\n\t\t\t\t<\/div>\n\t\t\t\t<div class=\"elementor-element elementor-element-ff9c381 elementor-align-justify elementor-widget__width-initial elementor-widget elementor-widget-button\" data-id=\"ff9c381\" data-element_type=\"widget\" data-e-type=\"widget\" data-widget_type=\"button.default\">\n\t\t\t\t<div class=\"elementor-widget-container\">\n\t\t\t\t\t\t\t\t\t<div class=\"elementor-button-wrapper\">\n\t\t\t\t\t<a class=\"elementor-button elementor-button-link elementor-size-sm\" href=\"#\">\n\t\t\t\t\t\t<span class=\"elementor-button-content-wrapper\">\n\t\t\t\t\t\t\t\t\t<span class=\"elementor-button-text\">1558 Doctor-Penfield Avenue, Second Floor Montreal, QC H3G 1B9<\/span>\n\t\t\t\t\t<\/span>\n\t\t\t\t\t<\/a>\n\t\t\t\t<\/div>\n\t\t\t\t\t\t\t\t<\/div>\n\t\t\t\t<\/div>\n\t\t\t\t<div class=\"elementor-element elementor-element-1bb8f4b elementor-widget elementor-widget-image\" data-id=\"1bb8f4b\" data-element_type=\"widget\" data-e-type=\"widget\" data-widget_type=\"image.default\">\n\t\t\t\t<div class=\"elementor-widget-container\">\n\t\t\t\t\t\t\t\t\t\t\t\t\t\t\t\t<a href=\"https:\/\/www.google.com\/maps\/place\/Clinique+Mira\/@45.4994486,-73.5858994,17z\/data=!4m10!1m2!2m1!1s1558+Doctor-Penfield+Avenue,+Second+Floor+Montreal,+QC+H3G+1B9!3m6!1s0x4cc91b3ff03eecc7:0x11d57c6eeefc9d18!8m2!3d45.497157!4d-73.5854668!15sCj4xNTU4IERvY3Rvci1QZW5maWVsZCBBdmVudWUsIFNlY29uZCBGbG9vciBNb250cmVhbCwgUUMgSDNHIDFCOVo-IjwxNTU4IGRvY3RvciBwZW5maWVsZCBhdmVudWUgc2Vjb25kIGZsb29yIG1vbnRyZWFsIHFjIGgzZyAxYjmSARZwbGFzdGljX3N1cmdlcnlfY2xpbmljmgEkQ2hkRFNVaE5NRzluUzBWSlEwRm5UVU4zY0dKSVpXcFJSUkFCqgF3EAEqECIMc2Vjb25kIGZsb29yKAAyHxABIhuzuRAt9iFvNvj9nXU70LqFxyNThwoOvNFV4DoyQBACIjwxNTU4IGRvY3RvciBwZW5maWVsZCBhdmVudWUgc2Vjb25kIGZsb29yIG1vbnRyZWFsIHFjIGgzZyAxYjngAQD6AQQIABAt!16s%2Fg%2F11wp9m0llx?entry=ttu&#038;g_ep=EgoyMDI1MDgxMy4wIKXMDSoASAFQAw%3D%3D\" target=\"_blank\">\n\t\t\t\t\t\t\t<img fetchpriority=\"high\" decoding=\"async\" width=\"420\" height=\"238\" src=\"https:\/\/cliniquemira.com\/wp-content\/uploads\/2025\/05\/map.png\" class=\"attachment-full size-full wp-image-3610\" alt=\"\" srcset=\"https:\/\/cliniquemira.com\/wp-content\/uploads\/2025\/05\/map.png.webp 420w, https:\/\/cliniquemira.com\/wp-content\/uploads\/2025\/05\/map-300x170.png.webp 300w\" sizes=\"(max-width: 420px) 100vw, 420px\" \/>\t\t\t\t\t\t\t\t<\/a>\n\t\t\t\t\t\t\t\t\t\t\t\t\t\t\t<\/div>\n\t\t\t\t<\/div>\n\t\t\t\t<\/div>\n\t\t<div class=\"elementor-element elementor-element-c411c7f e-con-full e-flex e-con e-child\" data-id=\"c411c7f\" data-element_type=\"container\" data-e-type=\"container\">\n\t\t<div class=\"elementor-element elementor-element-0e1c646 e-con-full e-flex e-con e-child\" data-id=\"0e1c646\" data-element_type=\"container\" data-e-type=\"container\" data-settings=\"{&quot;background_background&quot;:&quot;classic&quot;}\">\n\t\t\t\t<div class=\"elementor-element elementor-element-e7df744 elementor-button-align-stretch elementor-widget elementor-widget-form\" data-id=\"e7df744\" data-element_type=\"widget\" data-e-type=\"widget\" data-settings=\"{&quot;step_next_label&quot;:&quot;Next&quot;,&quot;step_previous_label&quot;:&quot;Previous&quot;,&quot;button_width&quot;:&quot;100&quot;,&quot;step_type&quot;:&quot;number_text&quot;,&quot;step_icon_shape&quot;:&quot;circle&quot;}\" data-widget_type=\"form.default\">\n\t\t\t\t<div class=\"elementor-widget-container\">\n\t\t\t\t\t\t\t<form class=\"elementor-form\" method=\"post\" name=\"Contact\" aria-label=\"Contact\">\n\t\t\t<input type=\"hidden\" name=\"post_id\" value=\"3609\"\/>\n\t\t\t<input type=\"hidden\" name=\"form_id\" value=\"e7df744\"\/>\n\t\t\t<input type=\"hidden\" name=\"referer_title\" value=\"Contato - Clinique Mira\" \/>\n\n\t\t\t\t\t\t\t<input type=\"hidden\" name=\"queried_id\" value=\"3609\"\/>\n\t\t\t\n\t\t\t<div class=\"elementor-form-fields-wrapper elementor-labels-above\">\n\t\t\t\t\t\t\t\t<div class=\"elementor-field-type-text elementor-field-group elementor-column elementor-field-group-name elementor-col-100 elementor-field-required\">\n\t\t\t\t\t\t\t\t\t\t\t\t<label for=\"form-field-name\" class=\"elementor-field-label\">\n\t\t\t\t\t\t\t\tNome*\t\t\t\t\t\t\t<\/label>\n\t\t\t\t\t\t\t\t\t\t\t\t\t\t<input size=\"1\" type=\"text\" name=\"form_fields[name]\" id=\"form-field-name\" class=\"elementor-field elementor-size-sm  elementor-field-textual\" placeholder=\"Seu nome\" required=\"required\">\n\t\t\t\t\t\t\t\t\t\t\t<\/div>\n\t\t\t\t\t\t\t\t<div class=\"elementor-field-type-email elementor-field-group elementor-column elementor-field-group-email elementor-col-100 elementor-field-required\">\n\t\t\t\t\t\t\t\t\t\t\t\t<label for=\"form-field-email\" class=\"elementor-field-label\">\n\t\t\t\t\t\t\t\tE-mail*\t\t\t\t\t\t\t<\/label>\n\t\t\t\t\t\t\t\t\t\t\t\t\t\t<input size=\"1\" type=\"email\" name=\"form_fields[email]\" id=\"form-field-email\" class=\"elementor-field elementor-size-sm  elementor-field-textual\" placeholder=\"Seu e-mail\" required=\"required\">\n\t\t\t\t\t\t\t\t\t\t\t<\/div>\n\t\t\t\t\t\t\t\t<div class=\"elementor-field-type-tel elementor-field-group elementor-column elementor-field-group-field_496201e elementor-col-100\">\n\t\t\t\t\t\t\t\t\t\t\t\t<label for=\"form-field-field_496201e\" class=\"elementor-field-label\">\n\t\t\t\t\t\t\t\tFone*\t\t\t\t\t\t\t<\/label>\n\t\t\t\t\t\t\t\t<input size=\"1\" type=\"tel\" name=\"form_fields[field_496201e]\" id=\"form-field-field_496201e\" class=\"elementor-field elementor-size-sm  elementor-field-textual\" placeholder=\"Seu telefone\" pattern=\"[0-9()#&amp;+*-=.]+\" title=\"Apenas n\u00fameros e caracteres de telefone (#, -, *, etc.) s\u00e3o aceitos.\">\n\n\t\t\t\t\t\t<\/div>\n\t\t\t\t\t\t\t\t<div class=\"elementor-field-type-text elementor-field-group elementor-column elementor-field-group-field_a1b9a06 elementor-col-100\">\n\t\t\t\t\t\t\t\t\t\t\t\t<label for=\"form-field-field_a1b9a06\" class=\"elementor-field-label\">\n\t\t\t\t\t\t\t\tAssunto*\t\t\t\t\t\t\t<\/label>\n\t\t\t\t\t\t\t\t\t\t\t\t\t\t<input size=\"1\" type=\"text\" name=\"form_fields[field_a1b9a06]\" id=\"form-field-field_a1b9a06\" class=\"elementor-field elementor-size-sm  elementor-field-textual\" placeholder=\"Digite o assunto\">\n\t\t\t\t\t\t\t\t\t\t\t<\/div>\n\t\t\t\t\t\t\t\t<div class=\"elementor-field-type-textarea elementor-field-group elementor-column elementor-field-group-message elementor-col-100 elementor-field-required\">\n\t\t\t\t\t\t\t\t\t\t\t\t<label for=\"form-field-message\" class=\"elementor-field-label\">\n\t\t\t\t\t\t\t\tMensagem\t\t\t\t\t\t\t<\/label>\n\t\t\t\t\t\t<textarea class=\"elementor-field-textual elementor-field  elementor-size-sm\" name=\"form_fields[message]\" id=\"form-field-message\" rows=\"4\" placeholder=\"Como podemos te ajudar?\" required=\"required\"><\/textarea>\t\t\t\t<\/div>\n\t\t\t\t\t\t\t\t<div class=\"elementor-field-type-text\">\n\t\t\t\t\t<input size=\"1\" type=\"text\" name=\"form_fields[field_013cd3a]\" id=\"form-field-field_013cd3a\" class=\"elementor-field elementor-size-sm \" style=\"display:none !important;\">\t\t\t\t<\/div>\n\t\t\t\t\t\t\t\t<div class=\"elementor-field-type-hidden elementor-field-group elementor-column elementor-field-group-field_f0c765d elementor-col-100\">\n\t\t\t\t\t\t\t\t\t\t\t\t\t<input size=\"1\" type=\"hidden\" name=\"form_fields[field_f0c765d]\" id=\"form-field-field_f0c765d\" class=\"elementor-field elementor-size-sm  elementor-field-textual\">\n\t\t\t\t\t\t\t\t\t\t\t<\/div>\n\t\t\t\t\t\t\t\t<div class=\"elementor-field-group elementor-column elementor-field-type-submit elementor-col-100 e-form__buttons\">\n\t\t\t\t\t<button class=\"elementor-button elementor-size-sm\" type=\"submit\">\n\t\t\t\t\t\t<span class=\"elementor-button-content-wrapper\">\n\t\t\t\t\t\t\t\t\t\t\t\t\t\t\t\t\t\t\t\t\t\t<span class=\"elementor-button-text\">ENviar<\/span>\n\t\t\t\t\t\t\t\t\t\t\t\t\t<\/span>\n\t\t\t\t\t<\/button>\n\t\t\t\t<\/div>\n\t\t\t<\/div>\n\t\t<\/form>\n\t\t\t\t\t\t<\/div>\n\t\t\t\t<\/div>\n\t\t\t\t<\/div>\n\t\t\t\t<\/div>\n\t\t\t\t\t<\/div>\n\t\t\t\t<\/div>\n\t\t\t\t<\/div>\n\t\t","protected":false},"excerpt":{"rendered":"<p>Contato Entre em contato com a Clinique Mira hoje mesmo para agendar sua consulta personalizada e iniciar sua jornada rumo a uma maior autoconfian\u00e7a. Nossa equipe est\u00e1 \u00e0 disposi\u00e7\u00e3o para ajudar com quaisquer d\u00favidas ou solicita\u00e7\u00f5es de agendamento. Tel: 514-938-4017 E-mail: contact@cliniquemira.com Fax: 514-938-4098 1558 Doctor-Penfield Avenue, Second Floor Montreal, QC H3G 1B9<\/p>\n","protected":false},"author":1,"featured_media":3206,"parent":0,"menu_order":0,"comment_status":"closed","ping_status":"closed","template":"","meta":{"footnotes":""},"class_list":["post-3609","page","type-page","status-publish","has-post-thumbnail","hentry"],"yoast_head":"<!-- This site is optimized with the Yoast SEO plugin v27.3 - https:\/\/yoast.com\/product\/yoast-seo-wordpress\/ -->\n<title>Contato - Clinique Mira<\/title>\n<meta name=\"description\" content=\"Contact Clinique Mira today to schedule your personalized consultation and begin your journey to enhanced confidence.\" \/>\n<meta name=\"robots\" content=\"index, follow, max-snippet:-1, max-image-preview:large, max-video-preview:-1\" \/>\n<link rel=\"canonical\" href=\"https:\/\/cliniquemira.com\/pt-br\/contato\/\" \/>\n<meta property=\"og:locale\" content=\"pt_BR\" \/>\n<meta property=\"og:type\" content=\"article\" \/>\n<meta property=\"og:title\" content=\"Contato - Clinique Mira\" \/>\n<meta property=\"og:description\" content=\"Contact Clinique Mira today to schedule your personalized consultation and begin your journey to enhanced confidence.\" \/>\n<meta property=\"og:url\" content=\"https:\/\/cliniquemira.com\/pt-br\/contato\/\" \/>\n<meta property=\"og:site_name\" content=\"Clinique Mira\" \/>\n<meta property=\"article:modified_time\" content=\"2026-03-11T15:55:57+00:00\" \/>\n<meta property=\"og:image\" content=\"https:\/\/cliniquemira.com\/wp-content\/uploads\/2025\/08\/clinique-mira-social.jpg\" \/>\n\t<meta property=\"og:image:width\" content=\"1200\" \/>\n\t<meta property=\"og:image:height\" content=\"600\" \/>\n\t<meta property=\"og:image:type\" content=\"image\/jpeg\" \/>\n<meta name=\"twitter:card\" content=\"summary_large_image\" \/>\n<meta name=\"twitter:label1\" content=\"Est. tempo de leitura\" \/>\n\t<meta name=\"twitter:data1\" content=\"2 minutos\" \/>\n<script type=\"application\/ld+json\" class=\"yoast-schema-graph\">{\"@context\":\"https:\\\/\\\/schema.org\",\"@graph\":[{\"@type\":\"WebPage\",\"@id\":\"https:\\\/\\\/cliniquemira.com\\\/pt-br\\\/contato\\\/\",\"url\":\"https:\\\/\\\/cliniquemira.com\\\/pt-br\\\/contato\\\/\",\"name\":\"Contato - Clinique Mira\",\"isPartOf\":{\"@id\":\"https:\\\/\\\/cliniquemira.com\\\/pt-br\\\/#website\"},\"primaryImageOfPage\":{\"@id\":\"https:\\\/\\\/cliniquemira.com\\\/pt-br\\\/contato\\\/#primaryimage\"},\"image\":{\"@id\":\"https:\\\/\\\/cliniquemira.com\\\/pt-br\\\/contato\\\/#primaryimage\"},\"thumbnailUrl\":\"https:\\\/\\\/cliniquemira.com\\\/wp-content\\\/uploads\\\/2025\\\/08\\\/clinique-mira-social.jpg\",\"datePublished\":\"2025-04-14T18:32:36+00:00\",\"dateModified\":\"2026-03-11T15:55:57+00:00\",\"description\":\"Contact Clinique Mira today to schedule your personalized consultation and begin your journey to enhanced confidence.\",\"breadcrumb\":{\"@id\":\"https:\\\/\\\/cliniquemira.com\\\/pt-br\\\/contato\\\/#breadcrumb\"},\"inLanguage\":\"pt-BR\",\"potentialAction\":[{\"@type\":\"ReadAction\",\"target\":[\"https:\\\/\\\/cliniquemira.com\\\/pt-br\\\/contato\\\/\"]}]},{\"@type\":\"ImageObject\",\"inLanguage\":\"pt-BR\",\"@id\":\"https:\\\/\\\/cliniquemira.com\\\/pt-br\\\/contato\\\/#primaryimage\",\"url\":\"https:\\\/\\\/cliniquemira.com\\\/wp-content\\\/uploads\\\/2025\\\/08\\\/clinique-mira-social.jpg\",\"contentUrl\":\"https:\\\/\\\/cliniquemira.com\\\/wp-content\\\/uploads\\\/2025\\\/08\\\/clinique-mira-social.jpg\",\"width\":1200,\"height\":600},{\"@type\":\"BreadcrumbList\",\"@id\":\"https:\\\/\\\/cliniquemira.com\\\/pt-br\\\/contato\\\/#breadcrumb\",\"itemListElement\":[{\"@type\":\"ListItem\",\"position\":1,\"name\":\"Home\",\"item\":\"https:\\\/\\\/cliniquemira.com\\\/pt-br\\\/\"},{\"@type\":\"ListItem\",\"position\":2,\"name\":\"Contato\"}]},{\"@type\":\"WebSite\",\"@id\":\"https:\\\/\\\/cliniquemira.com\\\/pt-br\\\/#website\",\"url\":\"https:\\\/\\\/cliniquemira.com\\\/pt-br\\\/\",\"name\":\"Clinique Mira\",\"description\":\"Plastic Surgery &amp; Aesthetic Services in Montreal\",\"publisher\":{\"@id\":\"https:\\\/\\\/cliniquemira.com\\\/pt-br\\\/#organization\"},\"potentialAction\":[{\"@type\":\"SearchAction\",\"target\":{\"@type\":\"EntryPoint\",\"urlTemplate\":\"https:\\\/\\\/cliniquemira.com\\\/pt-br\\\/?s={search_term_string}\"},\"query-input\":{\"@type\":\"PropertyValueSpecification\",\"valueRequired\":true,\"valueName\":\"search_term_string\"}}],\"inLanguage\":\"pt-BR\"},{\"@type\":\"Organization\",\"@id\":\"https:\\\/\\\/cliniquemira.com\\\/pt-br\\\/#organization\",\"name\":\"Clinique Mira\",\"url\":\"https:\\\/\\\/cliniquemira.com\\\/pt-br\\\/\",\"logo\":{\"@type\":\"ImageObject\",\"inLanguage\":\"pt-BR\",\"@id\":\"https:\\\/\\\/cliniquemira.com\\\/pt-br\\\/#\\\/schema\\\/logo\\\/image\\\/\",\"url\":\"https:\\\/\\\/cliniquemira.com\\\/wp-content\\\/uploads\\\/2025\\\/07\\\/clinique-mira-.jpg\",\"contentUrl\":\"https:\\\/\\\/cliniquemira.com\\\/wp-content\\\/uploads\\\/2025\\\/07\\\/clinique-mira-.jpg\",\"width\":1980,\"height\":1317,\"caption\":\"Clinique Mira\"},\"image\":{\"@id\":\"https:\\\/\\\/cliniquemira.com\\\/pt-br\\\/#\\\/schema\\\/logo\\\/image\\\/\"}}]}<\/script>\n<!-- \/ Yoast SEO plugin. -->","yoast_head_json":{"title":"Contato - Clinique Mira","description":"Contact Clinique Mira today to schedule your personalized consultation and begin your journey to enhanced confidence.","robots":{"index":"index","follow":"follow","max-snippet":"max-snippet:-1","max-image-preview":"max-image-preview:large","max-video-preview":"max-video-preview:-1"},"canonical":"https:\/\/cliniquemira.com\/pt-br\/contato\/","og_locale":"pt_BR","og_type":"article","og_title":"Contato - Clinique Mira","og_description":"Contact Clinique Mira today to schedule your personalized consultation and begin your journey to enhanced confidence.","og_url":"https:\/\/cliniquemira.com\/pt-br\/contato\/","og_site_name":"Clinique Mira","article_modified_time":"2026-03-11T15:55:57+00:00","og_image":[{"width":1200,"height":600,"url":"https:\/\/cliniquemira.com\/wp-content\/uploads\/2025\/08\/clinique-mira-social.jpg","type":"image\/jpeg"}],"twitter_card":"summary_large_image","twitter_misc":{"Est. tempo de leitura":"2 minutos"},"schema":{"@context":"https:\/\/schema.org","@graph":[{"@type":"WebPage","@id":"https:\/\/cliniquemira.com\/pt-br\/contato\/","url":"https:\/\/cliniquemira.com\/pt-br\/contato\/","name":"Contato - Clinique Mira","isPartOf":{"@id":"https:\/\/cliniquemira.com\/pt-br\/#website"},"primaryImageOfPage":{"@id":"https:\/\/cliniquemira.com\/pt-br\/contato\/#primaryimage"},"image":{"@id":"https:\/\/cliniquemira.com\/pt-br\/contato\/#primaryimage"},"thumbnailUrl":"https:\/\/cliniquemira.com\/wp-content\/uploads\/2025\/08\/clinique-mira-social.jpg","datePublished":"2025-04-14T18:32:36+00:00","dateModified":"2026-03-11T15:55:57+00:00","description":"Contact Clinique Mira today to schedule your personalized consultation and begin your journey to enhanced confidence.","breadcrumb":{"@id":"https:\/\/cliniquemira.com\/pt-br\/contato\/#breadcrumb"},"inLanguage":"pt-BR","potentialAction":[{"@type":"ReadAction","target":["https:\/\/cliniquemira.com\/pt-br\/contato\/"]}]},{"@type":"ImageObject","inLanguage":"pt-BR","@id":"https:\/\/cliniquemira.com\/pt-br\/contato\/#primaryimage","url":"https:\/\/cliniquemira.com\/wp-content\/uploads\/2025\/08\/clinique-mira-social.jpg","contentUrl":"https:\/\/cliniquemira.com\/wp-content\/uploads\/2025\/08\/clinique-mira-social.jpg","width":1200,"height":600},{"@type":"BreadcrumbList","@id":"https:\/\/cliniquemira.com\/pt-br\/contato\/#breadcrumb","itemListElement":[{"@type":"ListItem","position":1,"name":"Home","item":"https:\/\/cliniquemira.com\/pt-br\/"},{"@type":"ListItem","position":2,"name":"Contato"}]},{"@type":"WebSite","@id":"https:\/\/cliniquemira.com\/pt-br\/#website","url":"https:\/\/cliniquemira.com\/pt-br\/","name":"Clinique Mira","description":"Plastic Surgery &amp; Aesthetic Services in Montreal","publisher":{"@id":"https:\/\/cliniquemira.com\/pt-br\/#organization"},"potentialAction":[{"@type":"SearchAction","target":{"@type":"EntryPoint","urlTemplate":"https:\/\/cliniquemira.com\/pt-br\/?s={search_term_string}"},"query-input":{"@type":"PropertyValueSpecification","valueRequired":true,"valueName":"search_term_string"}}],"inLanguage":"pt-BR"},{"@type":"Organization","@id":"https:\/\/cliniquemira.com\/pt-br\/#organization","name":"Clinique Mira","url":"https:\/\/cliniquemira.com\/pt-br\/","logo":{"@type":"ImageObject","inLanguage":"pt-BR","@id":"https:\/\/cliniquemira.com\/pt-br\/#\/schema\/logo\/image\/","url":"https:\/\/cliniquemira.com\/wp-content\/uploads\/2025\/07\/clinique-mira-.jpg","contentUrl":"https:\/\/cliniquemira.com\/wp-content\/uploads\/2025\/07\/clinique-mira-.jpg","width":1980,"height":1317,"caption":"Clinique Mira"},"image":{"@id":"https:\/\/cliniquemira.com\/pt-br\/#\/schema\/logo\/image\/"}}]}},"_links":{"self":[{"href":"https:\/\/cliniquemira.com\/pt-br\/wp-json\/wp\/v2\/pages\/3609","targetHints":{"allow":["GET"]}}],"collection":[{"href":"https:\/\/cliniquemira.com\/pt-br\/wp-json\/wp\/v2\/pages"}],"about":[{"href":"https:\/\/cliniquemira.com\/pt-br\/wp-json\/wp\/v2\/types\/page"}],"author":[{"embeddable":true,"href":"https:\/\/cliniquemira.com\/pt-br\/wp-json\/wp\/v2\/users\/1"}],"replies":[{"embeddable":true,"href":"https:\/\/cliniquemira.com\/pt-br\/wp-json\/wp\/v2\/comments?post=3609"}],"version-history":[{"count":5,"href":"https:\/\/cliniquemira.com\/pt-br\/wp-json\/wp\/v2\/pages\/3609\/revisions"}],"predecessor-version":[{"id":4589,"href":"https:\/\/cliniquemira.com\/pt-br\/wp-json\/wp\/v2\/pages\/3609\/revisions\/4589"}],"wp:featuredmedia":[{"embeddable":true,"href":"https:\/\/cliniquemira.com\/pt-br\/wp-json\/wp\/v2\/media\/3206"}],"wp:attachment":[{"href":"https:\/\/cliniquemira.com\/pt-br\/wp-json\/wp\/v2\/media?parent=3609"}],"curies":[{"name":"wp","href":"https:\/\/api.w.org\/{rel}","templated":true}]}}