{"id":4461,"date":"2025-06-27T13:06:51","date_gmt":"2025-06-27T13:06:51","guid":{"rendered":"https:\/\/mira.wid.studio\/mira-essence\/"},"modified":"2026-03-11T16:10:22","modified_gmt":"2026-03-11T16:10:22","slug":"mira-essence","status":"publish","type":"page","link":"https:\/\/cliniquemira.com\/pt-br\/mira-essence\/","title":{"rendered":"Mira Essence"},"content":{"rendered":"\t\t<div data-elementor-type=\"wp-page\" data-elementor-id=\"4461\" class=\"elementor elementor-4461 elementor-990\" data-elementor-post-type=\"page\">\n\t\t\t\t<div class=\"elementor-element elementor-element-0092a0f e-flex e-con-boxed e-con e-parent\" data-id=\"0092a0f\" data-element_type=\"container\" data-e-type=\"container\" data-settings=\"{&quot;background_background&quot;:&quot;classic&quot;}\">\n\t\t\t\t\t<div class=\"e-con-inner\">\n\t\t<div class=\"elementor-element elementor-element-edc64a8 e-con-full e-flex e-con e-child\" data-id=\"edc64a8\" data-element_type=\"container\" data-e-type=\"container\" data-settings=\"{&quot;position&quot;:&quot;absolute&quot;}\">\n\t\t\t\t<\/div>\n\t\t<div class=\"elementor-element elementor-element-c27fa05 e-con-full e-flex e-con e-child\" data-id=\"c27fa05\" data-element_type=\"container\" data-e-type=\"container\">\n\t\t\t\t<div class=\"elementor-element elementor-element-0a7f284 elementor-widget elementor-widget-heading\" data-id=\"0a7f284\" data-element_type=\"widget\" data-e-type=\"widget\" data-widget_type=\"heading.default\">\n\t\t\t\t<div class=\"elementor-widget-container\">\n\t\t\t\t\t<h1 class=\"elementor-heading-title elementor-size-default\"><span>Mira Essence <\/span>Pre\u00e7os<\/h1>\t\t\t\t<\/div>\n\t\t\t\t<\/div>\n\t\t\t\t<\/div>\n\t\t<div class=\"elementor-element elementor-element-4102a51 e-con-full e-flex e-con e-child\" data-id=\"4102a51\" data-element_type=\"container\" data-e-type=\"container\">\n\t\t\t\t<div class=\"elementor-element elementor-element-bf9ddde elementor-widget elementor-widget-text-editor\" data-id=\"bf9ddde\" data-element_type=\"widget\" data-e-type=\"widget\" data-widget_type=\"text-editor.default\">\n\t\t\t\t<div class=\"elementor-widget-container\">\n\t\t\t\t\t\t\t\t\t<p>Rejuvenes\u00e7a o seu visual<\/p>\t\t\t\t\t\t\t\t<\/div>\n\t\t\t\t<\/div>\n\t\t\t\t<div class=\"elementor-element elementor-element-943ee6d elementor-align-justify elementor-widget__width-initial elementor-widget elementor-widget-button\" data-id=\"943ee6d\" data-element_type=\"widget\" data-e-type=\"widget\" data-widget_type=\"button.default\">\n\t\t\t\t<div class=\"elementor-widget-container\">\n\t\t\t\t\t\t\t\t\t<div class=\"elementor-button-wrapper\">\n\t\t\t\t\t<a class=\"elementor-button elementor-button-link elementor-size-sm\" href=\"https:\/\/drgalli.janeapp.com\/#\/list\" target=\"_blank\">\n\t\t\t\t\t\t<span class=\"elementor-button-content-wrapper\">\n\t\t\t\t\t\t\t\t\t<span class=\"elementor-button-text\">Agendar consulta<\/span>\n\t\t\t\t\t<\/span>\n\t\t\t\t\t<\/a>\n\t\t\t\t<\/div>\n\t\t\t\t\t\t\t\t<\/div>\n\t\t\t\t<\/div>\n\t\t\t\t<\/div>\n\t\t\t\t\t<\/div>\n\t\t\t\t<\/div>\n\t\t<div class=\"elementor-element elementor-element-a1c3952 e-flex e-con-boxed e-con e-parent\" data-id=\"a1c3952\" data-element_type=\"container\" data-e-type=\"container\">\n\t\t\t\t\t<div class=\"e-con-inner\">\n\t\t\t\t<div class=\"elementor-element elementor-element-9cf5d3c elementor-align-justify elementor-widget__width-initial elementor-widget elementor-widget-button\" data-id=\"9cf5d3c\" data-element_type=\"widget\" data-e-type=\"widget\" data-widget_type=\"button.default\">\n\t\t\t\t<div class=\"elementor-widget-container\">\n\t\t\t\t\t\t\t\t\t<div class=\"elementor-button-wrapper\">\n\t\t\t\t\t<a class=\"elementor-button elementor-button-link elementor-size-sm\" href=\"https:\/\/cliniquemira.com\/pt-br\/precos-dos-procedimentos\/\">\n\t\t\t\t\t\t<span class=\"elementor-button-content-wrapper\">\n\t\t\t\t\t\t\t\t\t<span class=\"elementor-button-text\">Procedimentos<\/span>\n\t\t\t\t\t<\/span>\n\t\t\t\t\t<\/a>\n\t\t\t\t<\/div>\n\t\t\t\t\t\t\t\t<\/div>\n\t\t\t\t<\/div>\n\t\t\t\t<div class=\"elementor-element elementor-element-993e610 elementor-align-justify elementor-widget__width-initial elementor-widget elementor-widget-button\" data-id=\"993e610\" data-element_type=\"widget\" data-e-type=\"widget\" data-widget_type=\"button.default\">\n\t\t\t\t<div class=\"elementor-widget-container\">\n\t\t\t\t\t\t\t\t\t<div class=\"elementor-button-wrapper\">\n\t\t\t\t\t<a class=\"elementor-button elementor-button-link elementor-size-sm\" href=\"#\">\n\t\t\t\t\t\t<span class=\"elementor-button-content-wrapper\">\n\t\t\t\t\t\t\t\t\t<span class=\"elementor-button-text\">Mira Essence<\/span>\n\t\t\t\t\t<\/span>\n\t\t\t\t\t<\/a>\n\t\t\t\t<\/div>\n\t\t\t\t\t\t\t\t<\/div>\n\t\t\t\t<\/div>\n\t\t\t\t<div class=\"elementor-element elementor-element-7b72b06 elementor-align-justify elementor-widget__width-initial elementor-widget elementor-widget-button\" data-id=\"7b72b06\" data-element_type=\"widget\" data-e-type=\"widget\" data-widget_type=\"button.default\">\n\t\t\t\t<div class=\"elementor-widget-container\">\n\t\t\t\t\t\t\t\t\t<div class=\"elementor-button-wrapper\">\n\t\t\t\t\t<a class=\"elementor-button elementor-button-link elementor-size-sm\" href=\"https:\/\/cliniquemira.com\/pt-br\/precos-de-depilacao-a-laser\/\">\n\t\t\t\t\t\t<span class=\"elementor-button-content-wrapper\">\n\t\t\t\t\t\t\t\t\t<span class=\"elementor-button-text\">Depila\u00e7\u00e3o a Laser<\/span>\n\t\t\t\t\t<\/span>\n\t\t\t\t\t<\/a>\n\t\t\t\t<\/div>\n\t\t\t\t\t\t\t\t<\/div>\n\t\t\t\t<\/div>\n\t\t\t\t<div class=\"elementor-element elementor-element-d335d4b elementor-align-justify elementor-widget__width-initial elementor-widget elementor-widget-button\" data-id=\"d335d4b\" data-element_type=\"widget\" data-e-type=\"widget\" data-widget_type=\"button.default\">\n\t\t\t\t<div class=\"elementor-widget-container\">\n\t\t\t\t\t\t\t\t\t<div class=\"elementor-button-wrapper\">\n\t\t\t\t\t<a class=\"elementor-button elementor-button-link elementor-size-sm\" href=\"https:\/\/cliniquemira.com\/pt-br\/precos-de-depilacao-a-laser-masculina\/\">\n\t\t\t\t\t\t<span class=\"elementor-button-content-wrapper\">\n\t\t\t\t\t\t\t\t\t<span class=\"elementor-button-text\">Depila\u00e7\u00e3o a Laser Masculina<\/span>\n\t\t\t\t\t<\/span>\n\t\t\t\t\t<\/a>\n\t\t\t\t<\/div>\n\t\t\t\t\t\t\t\t<\/div>\n\t\t\t\t<\/div>\n\t\t\t\t\t<\/div>\n\t\t\t\t<\/div>\n\t\t<div class=\"elementor-element elementor-element-bd69d2c e-flex e-con-boxed e-con e-parent\" data-id=\"bd69d2c\" data-element_type=\"container\" data-e-type=\"container\">\n\t\t\t\t\t<div class=\"e-con-inner\">\n\t\t<div class=\"elementor-element elementor-element-3387b71 e-con-full e-flex e-con e-child\" data-id=\"3387b71\" data-element_type=\"container\" data-e-type=\"container\" data-settings=\"{&quot;background_background&quot;:&quot;classic&quot;}\">\n\t\t\t\t<div class=\"elementor-element elementor-element-d6ea7e1 elementor-widget elementor-widget-heading\" data-id=\"d6ea7e1\" data-element_type=\"widget\" data-e-type=\"widget\" data-widget_type=\"heading.default\">\n\t\t\t\t<div class=\"elementor-widget-container\">\n\t\t\t\t\t<h2 class=\"elementor-heading-title elementor-size-default\">Assinaturas<\/h2>\t\t\t\t<\/div>\n\t\t\t\t<\/div>\n\t\t\t\t<\/div>\n\t\t<div class=\"elementor-element elementor-element-5a09116 e-con-full e-flex e-con e-child\" data-id=\"5a09116\" data-element_type=\"container\" data-e-type=\"container\" data-settings=\"{&quot;background_background&quot;:&quot;classic&quot;}\">\n\t\t<div class=\"elementor-element elementor-element-b900095 e-con-full e-flex e-con e-child\" data-id=\"b900095\" data-element_type=\"container\" data-e-type=\"container\" data-settings=\"{&quot;background_background&quot;:&quot;classic&quot;}\">\n\t\t\t\t<div class=\"elementor-element elementor-element-3f8221c elementor-widget elementor-widget-heading\" data-id=\"3f8221c\" data-element_type=\"widget\" data-e-type=\"widget\" data-widget_type=\"heading.default\">\n\t\t\t\t<div class=\"elementor-widget-container\">\n\t\t\t\t\t<h2 class=\"elementor-heading-title elementor-size-default\">Clube do Botox<\/h2>\t\t\t\t<\/div>\n\t\t\t\t<\/div>\n\t\t\t\t<\/div>\n\t\t<div class=\"elementor-element elementor-element-695c7a8 e-con-full e-flex e-con e-child\" data-id=\"695c7a8\" data-element_type=\"container\" data-e-type=\"container\" data-settings=\"{&quot;background_background&quot;:&quot;classic&quot;}\">\n\t\t<div class=\"elementor-element elementor-element-45e5082 e-con-full e-flex e-con e-child\" data-id=\"45e5082\" data-element_type=\"container\" data-e-type=\"container\">\n\t\t\t\t<div class=\"elementor-element elementor-element-2ab7a0a elementor-widget elementor-widget-text-editor\" data-id=\"2ab7a0a\" data-element_type=\"widget\" data-e-type=\"widget\" data-widget_type=\"text-editor.default\">\n\t\t\t\t<div class=\"elementor-widget-container\">\n\t\t\t\t\t\t\t\t\t<p class=\"p1\"><span class=\"s1\"><b>$219\/m\u00eas<\/b> (taxas inclu\u00eddas) x 12 meses<\/span><\/p><ul><li><p data-path-to-node=\"6,1,0\">1 consulta com um cirurgi\u00e3o pl\u00e1stico<\/p><\/li><li><p data-path-to-node=\"6,2,0\">3 tratamentos de neuromoduladores (at\u00e9 60 unidades)<\/p><\/li><li><p data-path-to-node=\"6,3,0\">10% de desconto em qualquer outro tratamento**<\/p><\/li><\/ul>\t\t\t\t\t\t\t\t<\/div>\n\t\t\t\t<\/div>\n\t\t\t\t<\/div>\n\t\t\t\t<\/div>\n\t\t\t\t<\/div>\n\t\t<div class=\"elementor-element elementor-element-2e1dbd3 e-con-full e-flex e-con e-child\" data-id=\"2e1dbd3\" data-element_type=\"container\" data-e-type=\"container\" data-settings=\"{&quot;background_background&quot;:&quot;classic&quot;}\">\n\t\t<div class=\"elementor-element elementor-element-d17a2d0 e-con-full e-flex e-con e-child\" data-id=\"d17a2d0\" data-element_type=\"container\" data-e-type=\"container\" data-settings=\"{&quot;background_background&quot;:&quot;classic&quot;}\">\n\t\t\t\t<div class=\"elementor-element elementor-element-5ff3db4 elementor-widget elementor-widget-heading\" data-id=\"5ff3db4\" data-element_type=\"widget\" data-e-type=\"widget\" data-widget_type=\"heading.default\">\n\t\t\t\t<div class=\"elementor-widget-container\">\n\t\t\t\t\t<h2 class=\"elementor-heading-title elementor-size-default\">Assinatura Pele Perfeita<\/h2>\t\t\t\t<\/div>\n\t\t\t\t<\/div>\n\t\t\t\t<\/div>\n\t\t<div class=\"elementor-element elementor-element-a1f3d85 e-con-full e-flex e-con e-child\" data-id=\"a1f3d85\" data-element_type=\"container\" data-e-type=\"container\" data-settings=\"{&quot;background_background&quot;:&quot;classic&quot;}\">\n\t\t<div class=\"elementor-element elementor-element-4ad3576 e-con-full e-flex e-con e-child\" data-id=\"4ad3576\" data-element_type=\"container\" data-e-type=\"container\">\n\t\t\t\t<div class=\"elementor-element elementor-element-7a507f2 elementor-widget elementor-widget-text-editor\" data-id=\"7a507f2\" data-element_type=\"widget\" data-e-type=\"widget\" data-widget_type=\"text-editor.default\">\n\t\t\t\t<div class=\"elementor-widget-container\">\n\t\t\t\t\t\t\t\t\t<p class=\"p1\"><span class=\"s1\"><b>$469\/m\u00eas<\/b>(taxas inclu\u00eddas) x 12 meses<\/span><\/p><ul><li><p data-path-to-node=\"8,1,0\">1 consulta com um cirurgi\u00e3o pl\u00e1stico<\/p><\/li><li><p data-path-to-node=\"8,2,0\">2 tratamentos de neuromoduladores (at\u00e9 60 unidades)<\/p><\/li><li><p data-path-to-node=\"8,3,0\">2 sess\u00f5es de Lumecca (rosto)<\/p><\/li><li><p data-path-to-node=\"8,4,0\">2 sess\u00f5es de Morpheus8 (rosto)<\/p><\/li><li><p data-path-to-node=\"8,5,0\">10% de desconto em qualquer outro tratamento**<\/p><\/li><\/ul>\t\t\t\t\t\t\t\t<\/div>\n\t\t\t\t<\/div>\n\t\t\t\t<div class=\"elementor-element elementor-element-fe9df74 elementor-widget elementor-widget-text-editor\" data-id=\"fe9df74\" data-element_type=\"widget\" data-e-type=\"widget\" data-widget_type=\"text-editor.default\">\n\t\t\t\t<div class=\"elementor-widget-container\">\n\t\t\t\t\t\t\t\t\t<p class=\"p1\"><strong>Manuten\u00e7\u00e3o<\/strong><\/p><p class=\"p1\"><span class=\"s1\"><b>$2999\/m\u00eas <\/b>(taxas inclu\u00eddas) x 12 meses<\/span><\/p><ul><li>2 tratamentos de neuromoduladores<\/li><li>1 sess\u00e3o de Lumecca<\/li><li>1 sess\u00e3o de Morpheus8<\/li><li>10% de desconto em qualquer outro tratamento**<\/li><\/ul>\t\t\t\t\t\t\t\t<\/div>\n\t\t\t\t<\/div>\n\t\t\t\t<\/div>\n\t\t\t\t<\/div>\n\t\t\t\t<\/div>\n\t\t<div class=\"elementor-element elementor-element-dfc657a e-con-full e-flex e-con e-child\" data-id=\"dfc657a\" data-element_type=\"container\" data-e-type=\"container\" data-settings=\"{&quot;background_background&quot;:&quot;classic&quot;}\">\n\t\t<div class=\"elementor-element elementor-element-ac8526f e-con-full e-flex e-con e-child\" data-id=\"ac8526f\" data-element_type=\"container\" data-e-type=\"container\" data-settings=\"{&quot;background_background&quot;:&quot;classic&quot;}\">\n\t\t\t\t<div class=\"elementor-element elementor-element-eeb92b3 elementor-widget elementor-widget-heading\" data-id=\"eeb92b3\" data-element_type=\"widget\" data-e-type=\"widget\" data-widget_type=\"heading.default\">\n\t\t\t\t<div class=\"elementor-widget-container\">\n\t\t\t\t\t<h2 class=\"elementor-heading-title elementor-size-default\">Assinatura de Col\u00e1geno<\/h2>\t\t\t\t<\/div>\n\t\t\t\t<\/div>\n\t\t\t\t<\/div>\n\t\t<div class=\"elementor-element elementor-element-44d0be0 e-con-full e-flex e-con e-child\" data-id=\"44d0be0\" data-element_type=\"container\" data-e-type=\"container\" data-settings=\"{&quot;background_background&quot;:&quot;classic&quot;}\">\n\t\t<div class=\"elementor-element elementor-element-bc8f222 e-con-full e-flex e-con e-child\" data-id=\"bc8f222\" data-element_type=\"container\" data-e-type=\"container\">\n\t\t\t\t<div class=\"elementor-element elementor-element-ba97fc8 elementor-widget elementor-widget-text-editor\" data-id=\"ba97fc8\" data-element_type=\"widget\" data-e-type=\"widget\" data-widget_type=\"text-editor.default\">\n\t\t\t\t<div class=\"elementor-widget-container\">\n\t\t\t\t\t\t\t\t\t<p class=\"p1\"><span class=\"s1\"><b>$499\/m\u00eas<\/b> (taxas inclu\u00eddas) x 12 meses<\/span><\/p><ul><li><p data-path-to-node=\"10,1,0\">1 consulta com um cirurgi\u00e3o pl\u00e1stico<\/p><\/li><li><p data-path-to-node=\"10,2,0\">2 sess\u00f5es de Morpheus8 (rosto ou pesco\u00e7o)<\/p><\/li><li><p data-path-to-node=\"10,3,0\">3 sess\u00f5es de bioestimuladores (rosto ou pesco\u00e7o)<\/p><\/li><li><p data-path-to-node=\"10,4,0\">10% de desconto em qualquer outro tratamento**<\/p><\/li><\/ul>\t\t\t\t\t\t\t\t<\/div>\n\t\t\t\t<\/div>\n\t\t\t\t<div class=\"elementor-element elementor-element-b59c01b elementor-widget elementor-widget-text-editor\" data-id=\"b59c01b\" data-element_type=\"widget\" data-e-type=\"widget\" data-widget_type=\"text-editor.default\">\n\t\t\t\t<div class=\"elementor-widget-container\">\n\t\t\t\t\t\t\t\t\t<p class=\"p1\"><span class=\"s1\"><b>Manuten\u00e7\u00e3o <\/b><\/span><\/p><p class=\"p1\"><strong>$229\/m\u00eas<\/strong> x 12 meses (taxas<br \/>inclu\u00eddas)<\/p><ul><li>1 sess\u00e3o de Morpheus8<\/li><li>1 sess\u00e3o de bioestimulador<\/li><li>10% de desconto em qualquer outro tratamento**<\/li><\/ul>\t\t\t\t\t\t\t\t<\/div>\n\t\t\t\t<\/div>\n\t\t\t\t<\/div>\n\t\t\t\t<\/div>\n\t\t\t\t<\/div>\n\t\t\t\t<div class=\"elementor-element elementor-element-0ed53cb elementor-widget elementor-widget-text-editor\" data-id=\"0ed53cb\" data-element_type=\"widget\" data-e-type=\"widget\" data-widget_type=\"text-editor.default\">\n\t\t\t\t<div class=\"elementor-widget-container\">\n\t\t\t\t\t\t\t\t\t<p class=\"p1\"><b data-path-to-node=\"11\" data-index-in-node=\"0\">Importante:<\/b> O desconto n\u00e3o se aplica a outras assinaturas. N\u00e3o pode ser combinado com outras promo\u00e7\u00f5es. Para tratamentos cir\u00fargicos, o desconto ser\u00e1 aplicado apenas nos honor\u00e1rios do cirurgi\u00e3o. Sem valor de resgate em dinheiro.<\/p>\t\t\t\t\t\t\t\t<\/div>\n\t\t\t\t<\/div>\n\t\t\t\t\t<\/div>\n\t\t\t\t<\/div>\n\t\t\t\t<\/div>\n\t\t","protected":false},"excerpt":{"rendered":"<p>Mira Essence Pre\u00e7os Rejuvenes\u00e7a o seu visual Agendar consulta Procedimentos Mira Essence Depila\u00e7\u00e3o a Laser Depila\u00e7\u00e3o a Laser Masculina Assinaturas Clube do Botox $219\/m\u00eas (taxas inclu\u00eddas) x 12 meses 1 consulta com um cirurgi\u00e3o pl\u00e1stico 3 tratamentos de neuromoduladores (at\u00e9 60 unidades) 10% de desconto em qualquer outro tratamento** Assinatura Pele Perfeita $469\/m\u00eas(taxas inclu\u00eddas) x [&hellip;]<\/p>\n","protected":false},"author":1,"featured_media":3206,"parent":0,"menu_order":0,"comment_status":"closed","ping_status":"closed","template":"","meta":{"footnotes":""},"class_list":["post-4461","page","type-page","status-publish","has-post-thumbnail","hentry"],"yoast_head":"<!-- This site is optimized with the Yoast SEO plugin v27.3 - https:\/\/yoast.com\/product\/yoast-seo-wordpress\/ -->\n<title>Mira Essence - Clinique Mira<\/title>\n<meta name=\"description\" content=\"Discover Mira Essence, the exclusive membership program from Clinique Mira. Enjoy special pricing on treatments, member-only perks &amp; more.\" \/>\n<meta name=\"robots\" content=\"index, follow, max-snippet:-1, max-image-preview:large, max-video-preview:-1\" \/>\n<link rel=\"canonical\" href=\"https:\/\/cliniquemira.com\/pt-br\/mira-essence\/\" \/>\n<meta property=\"og:locale\" content=\"pt_BR\" \/>\n<meta property=\"og:type\" content=\"article\" \/>\n<meta property=\"og:title\" content=\"Mira Essence - Clinique Mira\" \/>\n<meta property=\"og:description\" content=\"Discover Mira Essence, the exclusive membership program from Clinique Mira. Enjoy special pricing on treatments, member-only perks &amp; more.\" \/>\n<meta property=\"og:url\" content=\"https:\/\/cliniquemira.com\/pt-br\/mira-essence\/\" \/>\n<meta property=\"og:site_name\" content=\"Clinique Mira\" \/>\n<meta property=\"article:modified_time\" content=\"2026-03-11T16:10:22+00:00\" \/>\n<meta property=\"og:image\" content=\"https:\/\/cliniquemira.com\/wp-content\/uploads\/2025\/08\/clinique-mira-social.jpg\" \/>\n\t<meta property=\"og:image:width\" content=\"1200\" \/>\n\t<meta property=\"og:image:height\" content=\"600\" \/>\n\t<meta property=\"og:image:type\" content=\"image\/jpeg\" \/>\n<meta name=\"twitter:card\" content=\"summary_large_image\" \/>\n<meta name=\"twitter:label1\" content=\"Est. tempo de leitura\" \/>\n\t<meta name=\"twitter:data1\" content=\"2 minutos\" \/>\n<script type=\"application\/ld+json\" class=\"yoast-schema-graph\">{\"@context\":\"https:\\\/\\\/schema.org\",\"@graph\":[{\"@type\":\"WebPage\",\"@id\":\"https:\\\/\\\/cliniquemira.com\\\/pt-br\\\/mira-essence\\\/\",\"url\":\"https:\\\/\\\/cliniquemira.com\\\/pt-br\\\/mira-essence\\\/\",\"name\":\"Mira Essence - Clinique Mira\",\"isPartOf\":{\"@id\":\"https:\\\/\\\/cliniquemira.com\\\/pt-br\\\/#website\"},\"primaryImageOfPage\":{\"@id\":\"https:\\\/\\\/cliniquemira.com\\\/pt-br\\\/mira-essence\\\/#primaryimage\"},\"image\":{\"@id\":\"https:\\\/\\\/cliniquemira.com\\\/pt-br\\\/mira-essence\\\/#primaryimage\"},\"thumbnailUrl\":\"https:\\\/\\\/cliniquemira.com\\\/wp-content\\\/uploads\\\/2025\\\/08\\\/clinique-mira-social.jpg\",\"datePublished\":\"2025-06-27T13:06:51+00:00\",\"dateModified\":\"2026-03-11T16:10:22+00:00\",\"description\":\"Discover Mira Essence, the exclusive membership program from Clinique Mira. Enjoy special pricing on treatments, member-only perks & more.\",\"breadcrumb\":{\"@id\":\"https:\\\/\\\/cliniquemira.com\\\/pt-br\\\/mira-essence\\\/#breadcrumb\"},\"inLanguage\":\"pt-BR\",\"potentialAction\":[{\"@type\":\"ReadAction\",\"target\":[\"https:\\\/\\\/cliniquemira.com\\\/pt-br\\\/mira-essence\\\/\"]}]},{\"@type\":\"ImageObject\",\"inLanguage\":\"pt-BR\",\"@id\":\"https:\\\/\\\/cliniquemira.com\\\/pt-br\\\/mira-essence\\\/#primaryimage\",\"url\":\"https:\\\/\\\/cliniquemira.com\\\/wp-content\\\/uploads\\\/2025\\\/08\\\/clinique-mira-social.jpg\",\"contentUrl\":\"https:\\\/\\\/cliniquemira.com\\\/wp-content\\\/uploads\\\/2025\\\/08\\\/clinique-mira-social.jpg\",\"width\":1200,\"height\":600},{\"@type\":\"BreadcrumbList\",\"@id\":\"https:\\\/\\\/cliniquemira.com\\\/pt-br\\\/mira-essence\\\/#breadcrumb\",\"itemListElement\":[{\"@type\":\"ListItem\",\"position\":1,\"name\":\"Home\",\"item\":\"https:\\\/\\\/cliniquemira.com\\\/pt-br\\\/\"},{\"@type\":\"ListItem\",\"position\":2,\"name\":\"Mira Essence\"}]},{\"@type\":\"WebSite\",\"@id\":\"https:\\\/\\\/cliniquemira.com\\\/pt-br\\\/#website\",\"url\":\"https:\\\/\\\/cliniquemira.com\\\/pt-br\\\/\",\"name\":\"Clinique Mira\",\"description\":\"Plastic Surgery &amp; Aesthetic Services in Montreal\",\"publisher\":{\"@id\":\"https:\\\/\\\/cliniquemira.com\\\/pt-br\\\/#organization\"},\"potentialAction\":[{\"@type\":\"SearchAction\",\"target\":{\"@type\":\"EntryPoint\",\"urlTemplate\":\"https:\\\/\\\/cliniquemira.com\\\/pt-br\\\/?s={search_term_string}\"},\"query-input\":{\"@type\":\"PropertyValueSpecification\",\"valueRequired\":true,\"valueName\":\"search_term_string\"}}],\"inLanguage\":\"pt-BR\"},{\"@type\":\"Organization\",\"@id\":\"https:\\\/\\\/cliniquemira.com\\\/pt-br\\\/#organization\",\"name\":\"Clinique Mira\",\"url\":\"https:\\\/\\\/cliniquemira.com\\\/pt-br\\\/\",\"logo\":{\"@type\":\"ImageObject\",\"inLanguage\":\"pt-BR\",\"@id\":\"https:\\\/\\\/cliniquemira.com\\\/pt-br\\\/#\\\/schema\\\/logo\\\/image\\\/\",\"url\":\"https:\\\/\\\/cliniquemira.com\\\/wp-content\\\/uploads\\\/2025\\\/07\\\/clinique-mira-.jpg\",\"contentUrl\":\"https:\\\/\\\/cliniquemira.com\\\/wp-content\\\/uploads\\\/2025\\\/07\\\/clinique-mira-.jpg\",\"width\":1980,\"height\":1317,\"caption\":\"Clinique Mira\"},\"image\":{\"@id\":\"https:\\\/\\\/cliniquemira.com\\\/pt-br\\\/#\\\/schema\\\/logo\\\/image\\\/\"}}]}<\/script>\n<!-- \/ Yoast SEO plugin. -->","yoast_head_json":{"title":"Mira Essence - Clinique Mira","description":"Discover Mira Essence, the exclusive membership program from Clinique Mira. Enjoy special pricing on treatments, member-only perks & more.","robots":{"index":"index","follow":"follow","max-snippet":"max-snippet:-1","max-image-preview":"max-image-preview:large","max-video-preview":"max-video-preview:-1"},"canonical":"https:\/\/cliniquemira.com\/pt-br\/mira-essence\/","og_locale":"pt_BR","og_type":"article","og_title":"Mira Essence - Clinique Mira","og_description":"Discover Mira Essence, the exclusive membership program from Clinique Mira. Enjoy special pricing on treatments, member-only perks & more.","og_url":"https:\/\/cliniquemira.com\/pt-br\/mira-essence\/","og_site_name":"Clinique Mira","article_modified_time":"2026-03-11T16:10:22+00:00","og_image":[{"width":1200,"height":600,"url":"https:\/\/cliniquemira.com\/wp-content\/uploads\/2025\/08\/clinique-mira-social.jpg","type":"image\/jpeg"}],"twitter_card":"summary_large_image","twitter_misc":{"Est. tempo de leitura":"2 minutos"},"schema":{"@context":"https:\/\/schema.org","@graph":[{"@type":"WebPage","@id":"https:\/\/cliniquemira.com\/pt-br\/mira-essence\/","url":"https:\/\/cliniquemira.com\/pt-br\/mira-essence\/","name":"Mira Essence - Clinique Mira","isPartOf":{"@id":"https:\/\/cliniquemira.com\/pt-br\/#website"},"primaryImageOfPage":{"@id":"https:\/\/cliniquemira.com\/pt-br\/mira-essence\/#primaryimage"},"image":{"@id":"https:\/\/cliniquemira.com\/pt-br\/mira-essence\/#primaryimage"},"thumbnailUrl":"https:\/\/cliniquemira.com\/wp-content\/uploads\/2025\/08\/clinique-mira-social.jpg","datePublished":"2025-06-27T13:06:51+00:00","dateModified":"2026-03-11T16:10:22+00:00","description":"Discover Mira Essence, the exclusive membership program from Clinique Mira. Enjoy special pricing on treatments, member-only perks & more.","breadcrumb":{"@id":"https:\/\/cliniquemira.com\/pt-br\/mira-essence\/#breadcrumb"},"inLanguage":"pt-BR","potentialAction":[{"@type":"ReadAction","target":["https:\/\/cliniquemira.com\/pt-br\/mira-essence\/"]}]},{"@type":"ImageObject","inLanguage":"pt-BR","@id":"https:\/\/cliniquemira.com\/pt-br\/mira-essence\/#primaryimage","url":"https:\/\/cliniquemira.com\/wp-content\/uploads\/2025\/08\/clinique-mira-social.jpg","contentUrl":"https:\/\/cliniquemira.com\/wp-content\/uploads\/2025\/08\/clinique-mira-social.jpg","width":1200,"height":600},{"@type":"BreadcrumbList","@id":"https:\/\/cliniquemira.com\/pt-br\/mira-essence\/#breadcrumb","itemListElement":[{"@type":"ListItem","position":1,"name":"Home","item":"https:\/\/cliniquemira.com\/pt-br\/"},{"@type":"ListItem","position":2,"name":"Mira Essence"}]},{"@type":"WebSite","@id":"https:\/\/cliniquemira.com\/pt-br\/#website","url":"https:\/\/cliniquemira.com\/pt-br\/","name":"Clinique Mira","description":"Plastic Surgery &amp; Aesthetic Services in Montreal","publisher":{"@id":"https:\/\/cliniquemira.com\/pt-br\/#organization"},"potentialAction":[{"@type":"SearchAction","target":{"@type":"EntryPoint","urlTemplate":"https:\/\/cliniquemira.com\/pt-br\/?s={search_term_string}"},"query-input":{"@type":"PropertyValueSpecification","valueRequired":true,"valueName":"search_term_string"}}],"inLanguage":"pt-BR"},{"@type":"Organization","@id":"https:\/\/cliniquemira.com\/pt-br\/#organization","name":"Clinique Mira","url":"https:\/\/cliniquemira.com\/pt-br\/","logo":{"@type":"ImageObject","inLanguage":"pt-BR","@id":"https:\/\/cliniquemira.com\/pt-br\/#\/schema\/logo\/image\/","url":"https:\/\/cliniquemira.com\/wp-content\/uploads\/2025\/07\/clinique-mira-.jpg","contentUrl":"https:\/\/cliniquemira.com\/wp-content\/uploads\/2025\/07\/clinique-mira-.jpg","width":1980,"height":1317,"caption":"Clinique Mira"},"image":{"@id":"https:\/\/cliniquemira.com\/pt-br\/#\/schema\/logo\/image\/"}}]}},"_links":{"self":[{"href":"https:\/\/cliniquemira.com\/pt-br\/wp-json\/wp\/v2\/pages\/4461","targetHints":{"allow":["GET"]}}],"collection":[{"href":"https:\/\/cliniquemira.com\/pt-br\/wp-json\/wp\/v2\/pages"}],"about":[{"href":"https:\/\/cliniquemira.com\/pt-br\/wp-json\/wp\/v2\/types\/page"}],"author":[{"embeddable":true,"href":"https:\/\/cliniquemira.com\/pt-br\/wp-json\/wp\/v2\/users\/1"}],"replies":[{"embeddable":true,"href":"https:\/\/cliniquemira.com\/pt-br\/wp-json\/wp\/v2\/comments?post=4461"}],"version-history":[{"count":13,"href":"https:\/\/cliniquemira.com\/pt-br\/wp-json\/wp\/v2\/pages\/4461\/revisions"}],"predecessor-version":[{"id":4605,"href":"https:\/\/cliniquemira.com\/pt-br\/wp-json\/wp\/v2\/pages\/4461\/revisions\/4605"}],"wp:featuredmedia":[{"embeddable":true,"href":"https:\/\/cliniquemira.com\/pt-br\/wp-json\/wp\/v2\/media\/3206"}],"wp:attachment":[{"href":"https:\/\/cliniquemira.com\/pt-br\/wp-json\/wp\/v2\/media?parent=4461"}],"curies":[{"name":"wp","href":"https:\/\/api.w.org\/{rel}","templated":true}]}}